{"id":1214,"date":"2020-05-04T00:16:15","date_gmt":"2020-05-03T22:16:15","guid":{"rendered":"https:\/\/pgl.pl\/?page_id=1214"},"modified":"2020-05-13T23:19:06","modified_gmt":"2020-05-13T21:19:06","slug":"cookies-policy","status":"publish","type":"page","link":"https:\/\/pgl.pl\/en\/cookies-policy\/","title":{"rendered":"Cookies Policy"},"content":{"rendered":"\n<div class=\"wp-block-group\"><div class=\"wp-block-group__inner-container is-layout-flow wp-block-group-is-layout-flow\">\n<div class=\"wp-block-group\"><div class=\"wp-block-group__inner-container is-layout-flow wp-block-group-is-layout-flow\">\n<div class=\"wp-block-columns is-layout-flex wp-container-core-columns-is-layout-1 wp-block-columns-is-layout-flex\">\n<div class=\"wp-block-column is-layout-flow wp-block-column-is-layout-flow\" style=\"flex-basis:10.63%\"><\/div>\n\n\n\n<div class=\"wp-block-column is-layout-flow wp-block-column-is-layout-flow\" style=\"flex-basis:79.38%\">\n<h2 class=\"wp-block-heading\">Cookies Policy<\/h2>\n\n\n\n<p>PGL S.A. uses cookies to provide a&nbsp;first-rate service. PGL S.A. makes every effort to respect the privacy of users visiting the *.pgl.pl websites. This Policy defines the principles of using cookies collected through the website.&nbsp;<\/p>\n<p><strong>What are cookies?<\/strong><\/p>\n<p>Cookies are data in the form of small alphanumeric (text) files, which are saved on the user\u2019s computer when the user visits our website (or updated during a&nbsp;subsequent visit). They are, in particular, text files stored on the user\u2019s device to facilitate using the pages on the website. They contain the name of the website from which they originate, the duration of their storage on the device and a&nbsp;unique number.<\/p>\n<p><strong>Data collection:<\/strong><\/p>\n<p>In line with the established practice of most WWW sites, we store http requests addressed to our server. The resources browsed are identified by URL addresses. Please find below a&nbsp;detailed specification of the information stored in the server log&nbsp;files:&nbsp;<\/p>\n<ul>\n<li>public IP address of the computer from which the request was received (this can be the user\u2019s computer);<\/li>\n<li>name of the client station \u2013 if possible, identified through the HTTP protocol;<\/li>\n<li>user name given during the authorization process;<\/li>\n<li>time of receipt of the request;<\/li>\n<li>first line of the HTTP request;<\/li>\n<li>HTTP response code;<\/li>\n<li>number of bytes sent by the server;<\/li>\n<li>URL address of the page visited by the user previously (referer link) \u2013 if the user visited the Office webpage through a&nbsp;reference<\/li>\n<li>information on the user\u2019s browser;<\/li>\n<li>information on the errors that occurred during the HTTP transaction.<\/li>\n<\/ul>\n<p>This data is not associated with any specific individuals browsing through the Office webpages. In order to ensure a&nbsp;first-rate service, we occasionally analyse the log files to find out which pages are visited the most frequently, which web browsers are used, whether the page structure contains any errors, etc.<\/p>\n<p><strong>How do we use cookies on our website?<\/strong><\/p>\n<p>We do not collect or process any information that would allow direct identification of personal data. No personal data left on our website is transferred to any third parties without the requisite consent of the user for its processing. Our website uses cookies for statistical purposes (statistics of visits to our website) and to ensure the correct functioning of our website and provide more personalized content.<\/p>\n<p><strong>WHAT DO WE USE COOKIES FOR?<\/strong><\/p>\n<p><strong>Content personalization<\/strong><br>Cookies are used to modify the content of webpages to the users\u2019 preferences and optimize the use of the webpages. They allow identification of the user\u2019s device and proper display of the webpage which is modified to the user\u2019s individual needs.<\/p>\n<p><strong>Creating statistics<\/strong><br>Cookies collected for statistical purposes help us understand how the website users use the webpages, so that we can improve their structure and content.<\/p>\n<p><strong>Maintaining user session<\/strong><br>Session \u2013 an object that saves the details of a&nbsp;client connection on the server for some time. A&nbsp;separate session is created for each client, so that the information concerning different users of the webpage does not&nbsp;mix.<\/p>\n<p><strong>WHAT KIND OF COOKIES DOES THE WEBSITE USE?<\/strong><\/p>\n<p>Our website uses the following cookies:<\/p>\n<ul>\n<li>session cookies<\/li>\n<\/ul>\n<p>these are temporary files stored on the user\u2019s device until he\/she logs out, exits the webpage or closes the browser.<\/p>\n<ul>\n<li>persistent cookies<\/li>\n<\/ul>\n<p>they are stored on the user\u2019s device over the period defined in their parameters or until they are removed by the&nbsp;user.<\/p>\n<p>Our website uses the following types of cookies:<\/p>\n<ul>\n<li>efficiency cookies, which enable collecting information on the use of our webpages;<\/li>\n<li>functional cookies, which enable saving the settings chosen by the user and personalizing the interface, e.g. as regards the language selected or the user\u2019s region, font size, page view,&nbsp;etc.<\/li>\n<\/ul>\n<p><\/p>\n<p><\/p>\n<p><strong>HOW TO CHANGE COOKIE SETTINGS?<\/strong><\/p>\n<p>A number of web browsers by default allow storing cookies on the user\u2019s terminal device. Website users may change their cookie settings at any time. The settings may be changed to block the automatic operation of cookies in the web browser settings or inform the user each time cookies are saved on his\/her device. Detailed information on the possibility and methods of using cookies is available in the software (web browser) settings.<\/p>\n<p>For more information on cookies, please see the \u201cHelp\u201d section in the web browser menu.<\/p>\n<p><strong>Google Chrome<\/strong><\/p>\n<p>Please click the menu (top right corner), the Settings tab &gt; Show advanced settings. In the \u201cPrivacy\u201d section please click the Content Settings button. In the \u201cCookies\u201d section you may change the following cookie settings:<\/p>\n<p>- Deleting cookies<br>- Blocking cookies by default<br>- Accepting cookies by default<br>- Saving cookies and webpage data by default until the browser is closed<br>- Defining exceptions for cookies from specific webpages or domains<\/p>\n<p><strong>Internet Explorer<\/strong><\/p>\n<p>In the browser menu (top right corner): Tools &gt;Internet Options &gt; Privacy, Website button. Set the level with the scrollbar, accept changes by clicking OK.<\/p>\n<p><strong>Mozilla Firefox<\/strong><\/p>\n<p>In the browser menu: Tools &gt; Options &gt; Privacy. Activate the Firefox field: \u201cwill use user settings\u201d.<br>Cookies are used (or not) depending on whether the \u2018Accept cookies\u2019 option has been selected.<\/p>\n<p><strong>Opera<\/strong><\/p>\n<p>From the browser menu: Tools &gt; Preferences &gt; Advanced<br>Cookies are used (or not) depending on whether the \u2018Cookies\u2019 option has been selected.<\/p>\n<p><strong>Safari<\/strong><\/p>\n<p>Select Preferences in the Safari drop-down menu and click Security. The security level is selected in the \u201cAccept cookies\u201d area.<\/p>\n<p>If cookies are switched off or blocked, our website may not work correctly. If your browser accepts cookies, it means that you accept the use of cookies on our website.<\/p>\n<p><strong>INFORMATION ON PROCESSING COOKIES<\/strong><\/p>\n<table width=\"652\">\n<tbody>\n<tr>\n<td width=\"256\">\n<p><strong>Data controller:<\/strong><\/p>\n<\/td>\n<td width=\"396\">\n<p>The controller of your personal data is Polska Grupa Lotnicza Sp\u00f3\u0142ka Akcyjna with its registered office in Warsaw, ul. Komitetu Obrony Robotnik\u00f3w 43, 02\u200a\u2013\u200a146 Warsaw, KRS: 0000717327, or through the contact form provided on www.pgl.pl (<strong>PGL S.A.<\/strong>).<\/p>\n<\/td>\n<\/tr>\n<tr>\n<td width=\"256\">\n<p><strong>Data Protection Officer:<\/strong><\/p>\n<\/td>\n<td width=\"396\">\n<p>In matters relating to the processing of your personal data, you may contact our Data Protection Officer. The DPO may be contacted at the following email address:&nbsp;<a href=\"mailto:iod@lot.pl\">iod@lot.pl<\/a> or in writing at the address of our registered office provided in the \u201cData Controller\u201d section.<\/p>\n<\/td>\n<\/tr>\n<tr>\n<td width=\"256\">\n<p><strong>The purposes and legal basis of processing:<\/strong><\/p>\n<\/td>\n<td width=\"396\">\n<p>We process personal data with the use of cookies for the following purposes:<\/p>\n<p>1) modifying the content of the webpages to your preferences and optimizing the use of the webpages; in particular, data collected with the use of cookies enables identifying the user\u2019s device and proper display of the webpage modified to the user\u2019s individual needs; and<\/p>\n<p>2) preparing statistics that will help to understand how the webpage users use the websites in order to improve their structure and content;<\/p>\n<p>The legal basis for the processing of your personal data is our legitimate interest consisting of the need to provide a&nbsp;first-rate service, ensure the security of service and perform analyses.<\/p>\n<\/td>\n<\/tr>\n<tr>\n<td width=\"256\">\n<p><strong>Categories of recipients:<\/strong><\/p>\n<\/td>\n<td width=\"396\">\n<p>Your personal data may be transferred exclusively to entities providing selected services to PGL S.A. (including marketing, advertising and IT services) within the scope which is necessary to provide such services.<\/p>\n<\/td>\n<\/tr>\n<tr>\n<td width=\"256\">\n<p><strong>Storage period:<\/strong><\/p>\n<\/td>\n<td width=\"396\">\n<p>Data stored for the purposes of:<\/p>\n<p>1) modifying the content of the webpages to the user\u2019s preferences and optimizing the use of the webpages \u2013 is kept until the cookies are cleared in the browser;<\/p>\n<p>2) preparing statistics that help to understand how the webpage users use the websites in order to improve their structure and content \u2013 is stored in an aggregated and anonymized form for 5&nbsp;years from its collection.<\/p>\n<\/td>\n<\/tr>\n<tr>\n<td width=\"256\">\n<p><strong>Your rights:<\/strong><\/p>\n<p><strong><\/strong><\/p>\n<\/td>\n<td width=\"396\">\n<p>You have the following rights in connection with the processing of your personal data:<\/p>\n<p>1) the right to access the content of your personal data by requesting PGL S.A. to grant access to or send a&nbsp;copy of a&nbsp;complete set of your personal data processed by PGL S.A. and information on the processing of your&nbsp;data;<\/p>\n<p>2) the right to demand rectification of your personal data by indicating incorrect personal data about&nbsp;you;<\/p>\n<p>3) the right to delete your personal data; PGL S.A. may refuse to delete data in the circumstances specified by&nbsp;law;<\/p>\n<p>4) the right to demand the processing of your personal data be restricted;<\/p>\n<p>5) the right to object to the processing of your personal data.<\/p>\n<p>To exercise these rights, please contact us by any means of communication.<\/p>\n<p><strong>The right to object<\/strong><\/p>\n<p>Since we process your data based on our legitimate interest, you may object to the processing of your data at any time on the grounds of your individual situation.<\/p>\n<p>6) You also have the right to file a&nbsp;complaint with the regulator (the President of the Personal Data Protection Office).<\/p>\n<\/td>\n<\/tr>\n<\/tbody>\n<\/table>\n<\/div>\n\n\n\n<div class=\"wp-block-column is-layout-flow wp-block-column-is-layout-flow\" style=\"flex-basis:10%\"><\/div>\n<\/div>\n<\/div><\/div>\n<\/div><\/div>\n<div class=\"pvc_clear\"><\/div><p id=\"pvc_stats_1214\" class=\"pvc_stats all  \" data-element-id=\"1214\" style><i class=\"pvc-stats-icon medium\" aria-hidden=\"true\"><svg version=\"1.0\" viewBox=\"0 0 502 315\" preserveAspectRatio=\"xMidYMid meet\"><g transform=\"translate(0,332) scale(0.1,-0.1)\" fill stroke=\"none\"><path d=\"M2394 3279 l-29 -30 -3 -207 c-2 -182 0 -211 15 -242 39 -76 157 -76 196 0 15 31 17 60 15 243 l-3 209 -33 29 c-26 23 -41 29 -80 29 -41 0 -53 -5 -78 -31z\" \/><path d=\"M3085 3251 c-45 -19 -58 -50 -96 -229 -47 -217 -49 -260 -13 -295 52 -53 146 -42 177 20 16 31 87 366 87 410 0 70 -86 122 -155 94z\" \/><path d=\"M1751 3234 c-13 -9 -29 -31 -37 -50 -12 -29 -10 -49 21 -204 19 -94 39 -189 45 -210 14 -50 54 -80 110 -80 34 0 48 6 76 34 21 21 34 44 34 59 0 14 -18 113 -40 219 -37 178 -43 195 -70 221 -36 32 -101 37 -139 11z\" \/><path d=\"M1163 3073 c-36 -7 -73 -59 -73 -102 0 -56 133 -378 171 -413 34 -32 83 -37 129 -13 70 36 67 87 -16 290 -86 209 -89 214 -129 231 -35 14 -42 15 -82 7z\" \/><path d=\"M3689 3066 c-15 -9 -33 -30 -42 -48 -48 -103 -147 -355 -147 -375 0 -98 131 -148 192 -74 13 15 57 108 97 206 80 196 84 226 37 273 -30 30 -99 39 -137 18z\" \/><path d=\"M583 2784 c-38 -19 -67 -74 -58 -113 9 -42 211 -354 242 -373 16 -10 45 -18 66 -18 51 0 107 52 107 100 0 39 -1 41 -124 234 -80 126 -108 162 -133 173 -41 17 -61 16 -100 -3z\" \/><path d=\"M4250 2784 c-14 -9 -74 -91 -133 -183 -95 -150 -107 -173 -107 -213 0 -55 33 -94 87 -104 67 -13 90 8 211 198 130 202 137 225 78 284 -27 27 -42 34 -72 34 -22 0 -50 -8 -64 -16z\" \/><path d=\"M2275 2693 c-553 -48 -1095 -270 -1585 -649 -135 -104 -459 -423 -483 -476 -23 -49 -22 -139 2 -186 73 -142 361 -457 571 -626 285 -228 642 -407 990 -497 242 -63 336 -73 660 -74 310 0 370 5 595 52 535 111 1045 392 1455 803 122 121 250 273 275 326 19 41 19 137 0 174 -41 79 -309 363 -465 492 -447 370 -946 591 -1479 653 -113 14 -422 18 -536 8z m395 -428 c171 -34 330 -124 456 -258 112 -119 167 -219 211 -378 27 -96 24 -300 -5 -401 -72 -255 -236 -447 -474 -557 -132 -62 -201 -76 -368 -76 -167 0 -236 14 -368 76 -213 98 -373 271 -451 485 -162 444 86 934 547 1084 153 49 292 57 452 25z m909 -232 c222 -123 408 -262 593 -441 76 -74 138 -139 138 -144 0 -16 -233 -242 -330 -319 -155 -123 -309 -223 -461 -299 l-81 -41 32 46 c18 26 49 83 70 128 143 306 141 649 -6 957 -25 52 -61 116 -79 142 l-34 47 45 -20 c26 -10 76 -36 113 -56z m-2057 25 c-40 -58 -105 -190 -130 -263 -110 -324 -59 -707 132 -981 25 -35 42 -64 37 -64 -19 0 -241 119 -326 174 -188 122 -406 314 -532 468 l-58 71 108 103 c185 178 428 349 672 473 66 33 121 60 123 61 2 0 -10 -19 -26 -42z\" \/><path d=\"M2375 1950 c-198 -44 -350 -190 -395 -379 -18 -76 -8 -221 19 -290 114 -284 457 -406 731 -260 98 52 188 154 231 260 27 69 37 214 19 290 -38 163 -166 304 -326 360 -67 23 -215 33 -279 19z\" \/><\/g><\/svg><\/i> <img decoding=\"async\" width=\"16\" height=\"16\" alt=\"Loading\" src=\"https:\/\/pgl.pl\/wp-content\/plugins\/page-views-count\/ajax-loader-2x.gif\" border=\"0\"><\/p><div class=\"pvc_clear\"><\/div>","protected":false},"excerpt":{"rendered":"<p>Cookies Policy PGL S.A. uses cookies to provide a&nbsp;first-rate service. PGL S.A. makes every effort to respect the privacy of&nbsp;[\u2026]<\/p>\n<div class=\"pvc_clear\"><\/div>\n<p id=\"pvc_stats_1214\" class=\"pvc_stats all  \" data-element-id=\"1214\" style><i class=\"pvc-stats-icon medium\" aria-hidden=\"true\"><svg version=\"1.0\" viewBox=\"0 0 502 315\" preserveAspectRatio=\"xMidYMid meet\"><g transform=\"translate(0,332) scale(0.1,-0.1)\" fill stroke=\"none\"><path d=\"M2394 3279 l-29 -30 -3 -207 c-2 -182 0 -211 15 -242 39 -76 157 -76 196 0 15 31 17 60 15 243 l-3 209 -33 29 c-26 23 -41 29 -80 29 -41 0 -53 -5 -78 -31z\" \/><path d=\"M3085 3251 c-45 -19 -58 -50 -96 -229 -47 -217 -49 -260 -13 -295 52 -53 146 -42 177 20 16 31 87 366 87 410 0 70 -86 122 -155 94z\" \/><path d=\"M1751 3234 c-13 -9 -29 -31 -37 -50 -12 -29 -10 -49 21 -204 19 -94 39 -189 45 -210 14 -50 54 -80 110 -80 34 0 48 6 76 34 21 21 34 44 34 59 0 14 -18 113 -40 219 -37 178 -43 195 -70 221 -36 32 -101 37 -139 11z\" \/><path d=\"M1163 3073 c-36 -7 -73 -59 -73 -102 0 -56 133 -378 171 -413 34 -32 83 -37 129 -13 70 36 67 87 -16 290 -86 209 -89 214 -129 231 -35 14 -42 15 -82 7z\" \/><path d=\"M3689 3066 c-15 -9 -33 -30 -42 -48 -48 -103 -147 -355 -147 -375 0 -98 131 -148 192 -74 13 15 57 108 97 206 80 196 84 226 37 273 -30 30 -99 39 -137 18z\" \/><path d=\"M583 2784 c-38 -19 -67 -74 -58 -113 9 -42 211 -354 242 -373 16 -10 45 -18 66 -18 51 0 107 52 107 100 0 39 -1 41 -124 234 -80 126 -108 162 -133 173 -41 17 -61 16 -100 -3z\" \/><path d=\"M4250 2784 c-14 -9 -74 -91 -133 -183 -95 -150 -107 -173 -107 -213 0 -55 33 -94 87 -104 67 -13 90 8 211 198 130 202 137 225 78 284 -27 27 -42 34 -72 34 -22 0 -50 -8 -64 -16z\" \/><path d=\"M2275 2693 c-553 -48 -1095 -270 -1585 -649 -135 -104 -459 -423 -483 -476 -23 -49 -22 -139 2 -186 73 -142 361 -457 571 -626 285 -228 642 -407 990 -497 242 -63 336 -73 660 -74 310 0 370 5 595 52 535 111 1045 392 1455 803 122 121 250 273 275 326 19 41 19 137 0 174 -41 79 -309 363 -465 492 -447 370 -946 591 -1479 653 -113 14 -422 18 -536 8z m395 -428 c171 -34 330 -124 456 -258 112 -119 167 -219 211 -378 27 -96 24 -300 -5 -401 -72 -255 -236 -447 -474 -557 -132 -62 -201 -76 -368 -76 -167 0 -236 14 -368 76 -213 98 -373 271 -451 485 -162 444 86 934 547 1084 153 49 292 57 452 25z m909 -232 c222 -123 408 -262 593 -441 76 -74 138 -139 138 -144 0 -16 -233 -242 -330 -319 -155 -123 -309 -223 -461 -299 l-81 -41 32 46 c18 26 49 83 70 128 143 306 141 649 -6 957 -25 52 -61 116 -79 142 l-34 47 45 -20 c26 -10 76 -36 113 -56z m-2057 25 c-40 -58 -105 -190 -130 -263 -110 -324 -59 -707 132 -981 25 -35 42 -64 37 -64 -19 0 -241 119 -326 174 -188 122 -406 314 -532 468 l-58 71 108 103 c185 178 428 349 672 473 66 33 121 60 123 61 2 0 -10 -19 -26 -42z\" \/><path d=\"M2375 1950 c-198 -44 -350 -190 -395 -379 -18 -76 -8 -221 19 -290 114 -284 457 -406 731 -260 98 52 188 154 231 260 27 69 37 214 19 290 -38 163 -166 304 -326 360 -67 23 -215 33 -279 19z\" \/><\/g><\/svg><\/i> <img decoding=\"async\" width=\"16\" height=\"16\" alt=\"Loading\" src=\"https:\/\/pgl.pl\/wp-content\/plugins\/page-views-count\/ajax-loader-2x.gif\" border=\"0\"><\/p>\n<div class=\"pvc_clear\"><\/div>\n","protected":false},"author":2,"featured_media":0,"parent":0,"menu_order":0,"comment_status":"closed","ping_status":"closed","template":"","meta":{"_acf_changed":false,"_editorskit_title_hidden":false,"_editorskit_reading_time":5,"_editorskit_is_block_options_detached":false,"_editorskit_block_options_position":"{}","inline_featured_image":false,"wp_typography_post_enhancements_disabled":false,"_monsterinsights_skip_tracking":false,"_monsterinsights_sitenote_active":false,"_monsterinsights_sitenote_note":"","_monsterinsights_sitenote_category":0,"footnotes":""},"class_list":["post-1214","page","type-page","status-publish","hentry"],"acf":[],"yoast_head":"<!-- This site is optimized with the Yoast SEO plugin v25.3.1 - https:\/\/yoast.com\/wordpress\/plugins\/seo\/ -->\n<title>Cookies Policy - Polska Grupa Lotnicza - Integrator podmiot\u00f3w sektora lotniczego<\/title>\n<meta name=\"robots\" content=\"index, follow, max-snippet:-1, max-image-preview:large, max-video-preview:-1\" \/>\n<link rel=\"canonical\" href=\"https:\/\/pgl.pl\/en\/cookies-policy\/\" \/>\n<meta property=\"og:locale\" content=\"en_US\" \/>\n<meta property=\"og:type\" content=\"article\" \/>\n<meta property=\"og:title\" content=\"Cookies Policy - Polska Grupa Lotnicza - Integrator podmiot\u00f3w sektora lotniczego\" \/>\n<meta property=\"og:description\" content=\"Cookies Policy PGL S.A. uses cookies to provide a&nbsp;first-rate service. PGL S.A. makes every effort to respect the privacy of [&hellip;]\" \/>\n<meta property=\"og:url\" content=\"https:\/\/pgl.pl\/en\/cookies-policy\/\" \/>\n<meta property=\"og:site_name\" content=\"Polska Grupa Lotnicza - Integrator podmiot\u00f3w sektora lotniczego\" \/>\n<meta property=\"article:modified_time\" content=\"2020-05-13T21:19:06+00:00\" \/>\n<meta name=\"twitter:card\" content=\"summary_large_image\" \/>\n<meta name=\"twitter:label1\" content=\"Est. reading time\" \/>\n\t<meta name=\"twitter:data1\" content=\"7 minutes\" \/>\n<script type=\"application\/ld+json\" class=\"yoast-schema-graph\">{\"@context\":\"https:\/\/schema.org\",\"@graph\":[{\"@type\":\"WebPage\",\"@id\":\"https:\/\/pgl.pl\/en\/cookies-policy\/\",\"url\":\"https:\/\/pgl.pl\/en\/cookies-policy\/\",\"name\":\"Cookies Policy - Polska Grupa Lotnicza - Integrator podmiot\u00f3w sektora lotniczego\",\"isPartOf\":{\"@id\":\"https:\/\/pgl.pl\/#website\"},\"datePublished\":\"2020-05-03T22:16:15+00:00\",\"dateModified\":\"2020-05-13T21:19:06+00:00\",\"breadcrumb\":{\"@id\":\"https:\/\/pgl.pl\/en\/cookies-policy\/#breadcrumb\"},\"inLanguage\":\"en-US\",\"potentialAction\":[{\"@type\":\"ReadAction\",\"target\":[\"https:\/\/pgl.pl\/en\/cookies-policy\/\"]}]},{\"@type\":\"BreadcrumbList\",\"@id\":\"https:\/\/pgl.pl\/en\/cookies-policy\/#breadcrumb\",\"itemListElement\":[{\"@type\":\"ListItem\",\"position\":1,\"name\":\"Home\",\"item\":\"https:\/\/pgl.pl\/en\/\"},{\"@type\":\"ListItem\",\"position\":2,\"name\":\"Cookies Policy\"}]},{\"@type\":\"WebSite\",\"@id\":\"https:\/\/pgl.pl\/#website\",\"url\":\"https:\/\/pgl.pl\/\",\"name\":\"Polska Grupa Lotnicza - Integrator podmiot\u00f3w sektora lotniczego\",\"description\":\"\",\"potentialAction\":[{\"@type\":\"SearchAction\",\"target\":{\"@type\":\"EntryPoint\",\"urlTemplate\":\"https:\/\/pgl.pl\/?s={search_term_string}\"},\"query-input\":{\"@type\":\"PropertyValueSpecification\",\"valueRequired\":true,\"valueName\":\"search_term_string\"}}],\"inLanguage\":\"en-US\"}]}<\/script>\n<!-- \/ Yoast SEO plugin. -->","yoast_head_json":{"title":"Cookies Policy - Polska Grupa Lotnicza - Integrator podmiot\u00f3w sektora lotniczego","robots":{"index":"index","follow":"follow","max-snippet":"max-snippet:-1","max-image-preview":"max-image-preview:large","max-video-preview":"max-video-preview:-1"},"canonical":"https:\/\/pgl.pl\/en\/cookies-policy\/","og_locale":"en_US","og_type":"article","og_title":"Cookies Policy - Polska Grupa Lotnicza - Integrator podmiot\u00f3w sektora lotniczego","og_description":"Cookies Policy PGL S.A. uses cookies to provide a&nbsp;first-rate service. PGL S.A. makes every effort to respect the privacy of [&hellip;]","og_url":"https:\/\/pgl.pl\/en\/cookies-policy\/","og_site_name":"Polska Grupa Lotnicza - Integrator podmiot\u00f3w sektora lotniczego","article_modified_time":"2020-05-13T21:19:06+00:00","twitter_card":"summary_large_image","twitter_misc":{"Est. reading time":"7 minutes"},"schema":{"@context":"https:\/\/schema.org","@graph":[{"@type":"WebPage","@id":"https:\/\/pgl.pl\/en\/cookies-policy\/","url":"https:\/\/pgl.pl\/en\/cookies-policy\/","name":"Cookies Policy - Polska Grupa Lotnicza - Integrator podmiot\u00f3w sektora lotniczego","isPartOf":{"@id":"https:\/\/pgl.pl\/#website"},"datePublished":"2020-05-03T22:16:15+00:00","dateModified":"2020-05-13T21:19:06+00:00","breadcrumb":{"@id":"https:\/\/pgl.pl\/en\/cookies-policy\/#breadcrumb"},"inLanguage":"en-US","potentialAction":[{"@type":"ReadAction","target":["https:\/\/pgl.pl\/en\/cookies-policy\/"]}]},{"@type":"BreadcrumbList","@id":"https:\/\/pgl.pl\/en\/cookies-policy\/#breadcrumb","itemListElement":[{"@type":"ListItem","position":1,"name":"Home","item":"https:\/\/pgl.pl\/en\/"},{"@type":"ListItem","position":2,"name":"Cookies Policy"}]},{"@type":"WebSite","@id":"https:\/\/pgl.pl\/#website","url":"https:\/\/pgl.pl\/","name":"Polska Grupa Lotnicza - Integrator podmiot\u00f3w sektora lotniczego","description":"","potentialAction":[{"@type":"SearchAction","target":{"@type":"EntryPoint","urlTemplate":"https:\/\/pgl.pl\/?s={search_term_string}"},"query-input":{"@type":"PropertyValueSpecification","valueRequired":true,"valueName":"search_term_string"}}],"inLanguage":"en-US"}]}},"_links":{"self":[{"href":"https:\/\/pgl.pl\/en\/wp-json\/wp\/v2\/pages\/1214","targetHints":{"allow":["GET"]}}],"collection":[{"href":"https:\/\/pgl.pl\/en\/wp-json\/wp\/v2\/pages"}],"about":[{"href":"https:\/\/pgl.pl\/en\/wp-json\/wp\/v2\/types\/page"}],"author":[{"embeddable":true,"href":"https:\/\/pgl.pl\/en\/wp-json\/wp\/v2\/users\/2"}],"replies":[{"embeddable":true,"href":"https:\/\/pgl.pl\/en\/wp-json\/wp\/v2\/comments?post=1214"}],"version-history":[{"count":3,"href":"https:\/\/pgl.pl\/en\/wp-json\/wp\/v2\/pages\/1214\/revisions"}],"predecessor-version":[{"id":1534,"href":"https:\/\/pgl.pl\/en\/wp-json\/wp\/v2\/pages\/1214\/revisions\/1534"}],"wp:attachment":[{"href":"https:\/\/pgl.pl\/en\/wp-json\/wp\/v2\/media?parent=1214"}],"curies":[{"name":"wp","href":"https:\/\/api.w.org\/{rel}","templated":true}]}}