{"id":1210,"date":"2020-05-04T00:06:29","date_gmt":"2020-05-03T22:06:29","guid":{"rendered":"https:\/\/pgl.pl\/?page_id=1210"},"modified":"2020-06-22T01:21:05","modified_gmt":"2020-06-21T23:21:05","slug":"ls-technics","status":"publish","type":"page","link":"https:\/\/pgl.pl\/en\/ls-technics\/","title":{"rendered":"LS Technics"},"content":{"rendered":"\n<div class=\"wp-block-columns is-style-intro is-layout-flex wp-container-core-columns-is-layout-1 wp-block-columns-is-layout-flex\">\n<div class=\"wp-block-column is-layout-flow wp-block-column-is-layout-flow\" style=\"flex-basis:50%\"><div class=\"text-left\">\n<a href=\"https:\/\/www.lst.aero\" target=\"_blank\" rel=\"nofollow noopener norefferer\" class=\"btn btn--accent-border  btn--right-icon\"> Go to LST website&nbsp;<img decoding=\"async\" src=\"https:\/\/pgl.pl\/wp-content\/themes\/pgl\/assets\/images\/external.svg\" class=\"svg\" alt><\/a>\n<\/div>\n\n\n\n\n<div style=\"height:25px\" aria-hidden=\"true\" class=\"wp-block-spacer\"><\/div>\n\n\n\n<div class=\"wp-block-image\"><figure class=\"alignleft size-large\"><img fetchpriority=\"high\" decoding=\"async\" width=\"640\" height=\"177\" src=\"http:\/\/pgl.pl\/wp-content\/uploads\/2020\/06\/polska-grupa-lotnicza-logo-lltechnics.png.jpg\" alt class=\"wp-image-2159\" srcset=\"https:\/\/pgl.pl\/wp-content\/uploads\/2020\/06\/polska-grupa-lotnicza-logo-lltechnics.png.jpg 640w, https:\/\/pgl.pl\/wp-content\/uploads\/2020\/06\/polska-grupa-lotnicza-logo-lltechnics.png-300x83.jpg 300w\" sizes=\"(max-width: 640px) 100vw, 640px\"><\/figure><\/div>\n\n\n\n<p><\/p>\n<\/div>\n\n\n\n<div class=\"wp-block-column is-layout-flow wp-block-column-is-layout-flow\" style=\"flex-basis:50%\">\n<h2 class=\"wp-block-heading\">LS Technics<\/h2>\n\n\n\n<p class=\"has-medium-font-size\">LS Technics is an aircraft repair and overhaul company, employing 300 top-class aviation professionals. The company operates at 7&nbsp;airports in Poland: Warsaw, Katowice, Cracow, Gda\u0144sk, Wroc\u0142aw, Pozna\u0144 and Lublin. It also has local stations in India: Delhi and Bombay.&nbsp;<\/p>\n\n\n\n<p><\/p>\n<\/div>\n<\/div>\n\n\n\n<div class=\"wp-block-group\"><div class=\"wp-block-group__inner-container is-layout-flow wp-block-group-is-layout-flow\">\n<div class=\"wp-block-columns is-layout-flex wp-container-core-columns-is-layout-2 wp-block-columns-is-layout-flex\">\n<div class=\"wp-block-column is-layout-flow wp-block-column-is-layout-flow\">\n<figure class=\"wp-block-image size-large\"><img decoding=\"async\" width=\"1024\" height=\"623\" src=\"http:\/\/pgl.pl\/wp-content\/uploads\/2020\/06\/LSMRO-34-of-81-1024x623.jpg\" alt class=\"wp-image-2097\" srcset=\"https:\/\/pgl.pl\/wp-content\/uploads\/2020\/06\/LSMRO-34-of-81-1024x623.jpg 1024w, https:\/\/pgl.pl\/wp-content\/uploads\/2020\/06\/LSMRO-34-of-81-300x183.jpg 300w, https:\/\/pgl.pl\/wp-content\/uploads\/2020\/06\/LSMRO-34-of-81-768x468.jpg 768w, https:\/\/pgl.pl\/wp-content\/uploads\/2020\/06\/LSMRO-34-of-81-1536x935.jpg 1536w, https:\/\/pgl.pl\/wp-content\/uploads\/2020\/06\/LSMRO-34-of-81-2048x1247.jpg 2048w, https:\/\/pgl.pl\/wp-content\/uploads\/2020\/06\/LSMRO-34-of-81-1920x1169.jpg 1920w\" sizes=\"(max-width: 1024px) 100vw, 1024px\"><\/figure>\n<\/div>\n\n\n\n<div class=\"wp-block-column is-layout-flow wp-block-column-is-layout-flow\">\n<p><\/p>\n\n\n\n<p>Types of aircraft which we operate under the European EASA PART 145 certificate:<\/p>\n\n\n\n<ul class=\"is-style-checked wp-block-list\"><li>A320 Family<\/li><li>Q400<\/li><li>B737 Classic<\/li><li>B737&nbsp;NG<\/li><li>E170\/190<\/li><li>ATR 42\/72 <\/li><\/ul>\n<\/div>\n<\/div>\n\n\n\n<div class=\"wp-block-columns is-layout-flex wp-container-core-columns-is-layout-3 wp-block-columns-is-layout-flex\">\n<div class=\"wp-block-column is-layout-flow wp-block-column-is-layout-flow\">\n<p><br>The Operations Center is available to customers 24\/7, 365 days a&nbsp;year.<\/p>\n\n\n\n<p>In addition to its core maintenance operations, LS Technics is a&nbsp;certified flight crew training centre, as required by EASA Part147. Our PL.147.015 certificate includes theoretical and practical training according to approved training programmes for the following types:<\/p>\n\n\n\n<ul class=\"is-style-checked wp-block-list\"><li>Airbus A318\/319\/320\/321 (CFM56, IAE V2500) \u2013 cat. B1\/ B2\/&nbsp;C<\/li><li>Bombardier DHC\u20118 400 (PWC PW 150A) \u2013 cat. B1\/ B2\/&nbsp;C<\/li><li>Embraer ERJ-170 Series (GE CF34) \u2013 cat. B1\/ B2\/&nbsp;C<\/li><li>Embraer ERJ-190 Series (GE CF34) \u2013 cat. B1\/ B2\/&nbsp;C<\/li><li>Embraer ERJ-170\/190 Series (GE CF34) variants \u2013 B1\/B2<\/li><li>Boeing B737-300\/400\/500 (CFM56) \u2013 cat. B1\/ B2\/&nbsp;C<\/li><li>Boeing B737-600\/700\/800\/900 (CFM56) \u2013 cat. B1\/&nbsp;B2<\/li><li>Boeing 737MAX 8 (LEAP-1B) \u2013 cat&nbsp;C<\/li><\/ul>\n<\/div>\n\n\n\n<div class=\"wp-block-column is-layout-flow wp-block-column-is-layout-flow\">\n<figure class=\"wp-block-image size-large\"><img decoding=\"async\" width=\"1024\" height=\"505\" src=\"http:\/\/pgl.pl\/wp-content\/uploads\/2020\/04\/LSMRO-80-of-81-1024x505.jpg\" alt class=\"wp-image-1159\" srcset=\"https:\/\/pgl.pl\/wp-content\/uploads\/2020\/04\/LSMRO-80-of-81-1024x505.jpg 1024w, https:\/\/pgl.pl\/wp-content\/uploads\/2020\/04\/LSMRO-80-of-81-300x148.jpg 300w, https:\/\/pgl.pl\/wp-content\/uploads\/2020\/04\/LSMRO-80-of-81-768x379.jpg 768w, https:\/\/pgl.pl\/wp-content\/uploads\/2020\/04\/LSMRO-80-of-81-1536x758.jpg 1536w, https:\/\/pgl.pl\/wp-content\/uploads\/2020\/04\/LSMRO-80-of-81-2048x1011.jpg 2048w, https:\/\/pgl.pl\/wp-content\/uploads\/2020\/04\/LSMRO-80-of-81-1920x948.jpg 1920w\" sizes=\"(max-width: 1024px) 100vw, 1024px\"><\/figure>\n<\/div>\n<\/div>\n<\/div><\/div>\n\n\n\n<div class=\"wp-block-group is-style-board is-layout-flow wp-block-group-is-layout-flow\"><div class=\"wp-block-group__inner-container\"><\/div><\/div>\n\n\n  <div class=\"bar\">\n    <div class=\"container bar__inner\">\n      <div class=\"bar__text\">Visit LS Technics website&nbsp;<\/div>\n      <a href=\"https:\/\/www.lst.aero\" target=\"_blank\" rel=\"nofollow noopener norefferer\" class=\"btn btn--white-border\"> Check&nbsp;<\/a>\n    <\/div>\n  <\/div>\n  <div class=\"pvc_clear\"><\/div><p id=\"pvc_stats_1210\" class=\"pvc_stats all  \" data-element-id=\"1210\" style><i class=\"pvc-stats-icon medium\" aria-hidden=\"true\"><svg version=\"1.0\" viewBox=\"0 0 502 315\" preserveAspectRatio=\"xMidYMid meet\"><g transform=\"translate(0,332) scale(0.1,-0.1)\" fill stroke=\"none\"><path d=\"M2394 3279 l-29 -30 -3 -207 c-2 -182 0 -211 15 -242 39 -76 157 -76 196 0 15 31 17 60 15 243 l-3 209 -33 29 c-26 23 -41 29 -80 29 -41 0 -53 -5 -78 -31z\" \/><path d=\"M3085 3251 c-45 -19 -58 -50 -96 -229 -47 -217 -49 -260 -13 -295 52 -53 146 -42 177 20 16 31 87 366 87 410 0 70 -86 122 -155 94z\" \/><path d=\"M1751 3234 c-13 -9 -29 -31 -37 -50 -12 -29 -10 -49 21 -204 19 -94 39 -189 45 -210 14 -50 54 -80 110 -80 34 0 48 6 76 34 21 21 34 44 34 59 0 14 -18 113 -40 219 -37 178 -43 195 -70 221 -36 32 -101 37 -139 11z\" \/><path d=\"M1163 3073 c-36 -7 -73 -59 -73 -102 0 -56 133 -378 171 -413 34 -32 83 -37 129 -13 70 36 67 87 -16 290 -86 209 -89 214 -129 231 -35 14 -42 15 -82 7z\" \/><path d=\"M3689 3066 c-15 -9 -33 -30 -42 -48 -48 -103 -147 -355 -147 -375 0 -98 131 -148 192 -74 13 15 57 108 97 206 80 196 84 226 37 273 -30 30 -99 39 -137 18z\" \/><path d=\"M583 2784 c-38 -19 -67 -74 -58 -113 9 -42 211 -354 242 -373 16 -10 45 -18 66 -18 51 0 107 52 107 100 0 39 -1 41 -124 234 -80 126 -108 162 -133 173 -41 17 -61 16 -100 -3z\" \/><path d=\"M4250 2784 c-14 -9 -74 -91 -133 -183 -95 -150 -107 -173 -107 -213 0 -55 33 -94 87 -104 67 -13 90 8 211 198 130 202 137 225 78 284 -27 27 -42 34 -72 34 -22 0 -50 -8 -64 -16z\" \/><path d=\"M2275 2693 c-553 -48 -1095 -270 -1585 -649 -135 -104 -459 -423 -483 -476 -23 -49 -22 -139 2 -186 73 -142 361 -457 571 -626 285 -228 642 -407 990 -497 242 -63 336 -73 660 -74 310 0 370 5 595 52 535 111 1045 392 1455 803 122 121 250 273 275 326 19 41 19 137 0 174 -41 79 -309 363 -465 492 -447 370 -946 591 -1479 653 -113 14 -422 18 -536 8z m395 -428 c171 -34 330 -124 456 -258 112 -119 167 -219 211 -378 27 -96 24 -300 -5 -401 -72 -255 -236 -447 -474 -557 -132 -62 -201 -76 -368 -76 -167 0 -236 14 -368 76 -213 98 -373 271 -451 485 -162 444 86 934 547 1084 153 49 292 57 452 25z m909 -232 c222 -123 408 -262 593 -441 76 -74 138 -139 138 -144 0 -16 -233 -242 -330 -319 -155 -123 -309 -223 -461 -299 l-81 -41 32 46 c18 26 49 83 70 128 143 306 141 649 -6 957 -25 52 -61 116 -79 142 l-34 47 45 -20 c26 -10 76 -36 113 -56z m-2057 25 c-40 -58 -105 -190 -130 -263 -110 -324 -59 -707 132 -981 25 -35 42 -64 37 -64 -19 0 -241 119 -326 174 -188 122 -406 314 -532 468 l-58 71 108 103 c185 178 428 349 672 473 66 33 121 60 123 61 2 0 -10 -19 -26 -42z\" \/><path d=\"M2375 1950 c-198 -44 -350 -190 -395 -379 -18 -76 -8 -221 19 -290 114 -284 457 -406 731 -260 98 52 188 154 231 260 27 69 37 214 19 290 -38 163 -166 304 -326 360 -67 23 -215 33 -279 19z\" \/><\/g><\/svg><\/i> <img loading=\"lazy\" decoding=\"async\" width=\"16\" height=\"16\" alt=\"Loading\" src=\"https:\/\/pgl.pl\/wp-content\/plugins\/page-views-count\/ajax-loader-2x.gif\" border=\"0\"><\/p><div class=\"pvc_clear\"><\/div>","protected":false},"excerpt":{"rendered":"<p>LS Technics LS Technics is an aircraft repair and overhaul company, employing 300 top-class aviation professionals. The company operates at&nbsp;[\u2026]<\/p>\n<div class=\"pvc_clear\"><\/div>\n<p id=\"pvc_stats_1210\" class=\"pvc_stats all  \" data-element-id=\"1210\" style><i class=\"pvc-stats-icon medium\" aria-hidden=\"true\"><svg version=\"1.0\" viewBox=\"0 0 502 315\" preserveAspectRatio=\"xMidYMid meet\"><g transform=\"translate(0,332) scale(0.1,-0.1)\" fill stroke=\"none\"><path d=\"M2394 3279 l-29 -30 -3 -207 c-2 -182 0 -211 15 -242 39 -76 157 -76 196 0 15 31 17 60 15 243 l-3 209 -33 29 c-26 23 -41 29 -80 29 -41 0 -53 -5 -78 -31z\" \/><path d=\"M3085 3251 c-45 -19 -58 -50 -96 -229 -47 -217 -49 -260 -13 -295 52 -53 146 -42 177 20 16 31 87 366 87 410 0 70 -86 122 -155 94z\" \/><path d=\"M1751 3234 c-13 -9 -29 -31 -37 -50 -12 -29 -10 -49 21 -204 19 -94 39 -189 45 -210 14 -50 54 -80 110 -80 34 0 48 6 76 34 21 21 34 44 34 59 0 14 -18 113 -40 219 -37 178 -43 195 -70 221 -36 32 -101 37 -139 11z\" \/><path d=\"M1163 3073 c-36 -7 -73 -59 -73 -102 0 -56 133 -378 171 -413 34 -32 83 -37 129 -13 70 36 67 87 -16 290 -86 209 -89 214 -129 231 -35 14 -42 15 -82 7z\" \/><path d=\"M3689 3066 c-15 -9 -33 -30 -42 -48 -48 -103 -147 -355 -147 -375 0 -98 131 -148 192 -74 13 15 57 108 97 206 80 196 84 226 37 273 -30 30 -99 39 -137 18z\" \/><path d=\"M583 2784 c-38 -19 -67 -74 -58 -113 9 -42 211 -354 242 -373 16 -10 45 -18 66 -18 51 0 107 52 107 100 0 39 -1 41 -124 234 -80 126 -108 162 -133 173 -41 17 -61 16 -100 -3z\" \/><path d=\"M4250 2784 c-14 -9 -74 -91 -133 -183 -95 -150 -107 -173 -107 -213 0 -55 33 -94 87 -104 67 -13 90 8 211 198 130 202 137 225 78 284 -27 27 -42 34 -72 34 -22 0 -50 -8 -64 -16z\" \/><path d=\"M2275 2693 c-553 -48 -1095 -270 -1585 -649 -135 -104 -459 -423 -483 -476 -23 -49 -22 -139 2 -186 73 -142 361 -457 571 -626 285 -228 642 -407 990 -497 242 -63 336 -73 660 -74 310 0 370 5 595 52 535 111 1045 392 1455 803 122 121 250 273 275 326 19 41 19 137 0 174 -41 79 -309 363 -465 492 -447 370 -946 591 -1479 653 -113 14 -422 18 -536 8z m395 -428 c171 -34 330 -124 456 -258 112 -119 167 -219 211 -378 27 -96 24 -300 -5 -401 -72 -255 -236 -447 -474 -557 -132 -62 -201 -76 -368 -76 -167 0 -236 14 -368 76 -213 98 -373 271 -451 485 -162 444 86 934 547 1084 153 49 292 57 452 25z m909 -232 c222 -123 408 -262 593 -441 76 -74 138 -139 138 -144 0 -16 -233 -242 -330 -319 -155 -123 -309 -223 -461 -299 l-81 -41 32 46 c18 26 49 83 70 128 143 306 141 649 -6 957 -25 52 -61 116 -79 142 l-34 47 45 -20 c26 -10 76 -36 113 -56z m-2057 25 c-40 -58 -105 -190 -130 -263 -110 -324 -59 -707 132 -981 25 -35 42 -64 37 -64 -19 0 -241 119 -326 174 -188 122 -406 314 -532 468 l-58 71 108 103 c185 178 428 349 672 473 66 33 121 60 123 61 2 0 -10 -19 -26 -42z\" \/><path d=\"M2375 1950 c-198 -44 -350 -190 -395 -379 -18 -76 -8 -221 19 -290 114 -284 457 -406 731 -260 98 52 188 154 231 260 27 69 37 214 19 290 -38 163 -166 304 -326 360 -67 23 -215 33 -279 19z\" \/><\/g><\/svg><\/i> <img loading=\"lazy\" decoding=\"async\" width=\"16\" height=\"16\" alt=\"Loading\" src=\"https:\/\/pgl.pl\/wp-content\/plugins\/page-views-count\/ajax-loader-2x.gif\" border=\"0\"><\/p>\n<div class=\"pvc_clear\"><\/div>\n","protected":false},"author":2,"featured_media":0,"parent":0,"menu_order":0,"comment_status":"closed","ping_status":"closed","template":"","meta":{"_acf_changed":false,"_editorskit_title_hidden":false,"_editorskit_reading_time":1,"_editorskit_is_block_options_detached":false,"_editorskit_block_options_position":"{}","inline_featured_image":false,"wp_typography_post_enhancements_disabled":false,"_monsterinsights_skip_tracking":false,"_monsterinsights_sitenote_active":false,"_monsterinsights_sitenote_note":"","_monsterinsights_sitenote_category":0,"footnotes":""},"class_list":["post-1210","page","type-page","status-publish","hentry"],"acf":[],"yoast_head":"<!-- This site is optimized with the Yoast SEO plugin v25.3.1 - https:\/\/yoast.com\/wordpress\/plugins\/seo\/ -->\n<title>LS Technics - Polska Grupa Lotnicza - Integrator podmiot\u00f3w sektora lotniczego<\/title>\n<meta name=\"robots\" content=\"index, follow, max-snippet:-1, max-image-preview:large, max-video-preview:-1\" \/>\n<link rel=\"canonical\" href=\"https:\/\/pgl.pl\/ls-technics\/\" \/>\n<meta property=\"og:locale\" content=\"en_US\" \/>\n<meta property=\"og:type\" content=\"article\" \/>\n<meta property=\"og:title\" content=\"LS Technics - Polska Grupa Lotnicza - Integrator podmiot\u00f3w sektora lotniczego\" \/>\n<meta property=\"og:description\" content=\"LS Technics LS Technics is an aircraft repair and overhaul company, employing 300 top-class aviation professionals. The company operates at [&hellip;]\" \/>\n<meta property=\"og:url\" content=\"https:\/\/pgl.pl\/ls-technics\/\" \/>\n<meta property=\"og:site_name\" content=\"Polska Grupa Lotnicza - Integrator podmiot\u00f3w sektora lotniczego\" \/>\n<meta property=\"article:modified_time\" content=\"2020-06-21T23:21:05+00:00\" \/>\n<meta property=\"og:image\" content=\"http:\/\/pgl.pl\/wp-content\/uploads\/2020\/06\/polska-grupa-lotnicza-logo-lltechnics.png.jpg\" \/>\n<meta name=\"twitter:card\" content=\"summary_large_image\" \/>\n<meta name=\"twitter:label1\" content=\"Est. reading time\" \/>\n\t<meta name=\"twitter:data1\" content=\"1 minute\" \/>\n<script type=\"application\/ld+json\" class=\"yoast-schema-graph\">{\"@context\":\"https:\/\/schema.org\",\"@graph\":[{\"@type\":\"WebPage\",\"@id\":\"https:\/\/pgl.pl\/ls-technics\/\",\"url\":\"https:\/\/pgl.pl\/ls-technics\/\",\"name\":\"LS Technics - Polska Grupa Lotnicza - Integrator podmiot\u00f3w sektora lotniczego\",\"isPartOf\":{\"@id\":\"https:\/\/pgl.pl\/#website\"},\"primaryImageOfPage\":{\"@id\":\"https:\/\/pgl.pl\/ls-technics\/#primaryimage\"},\"image\":{\"@id\":\"https:\/\/pgl.pl\/ls-technics\/#primaryimage\"},\"thumbnailUrl\":\"http:\/\/pgl.pl\/wp-content\/uploads\/2020\/06\/polska-grupa-lotnicza-logo-lltechnics.png.jpg\",\"datePublished\":\"2020-05-03T22:06:29+00:00\",\"dateModified\":\"2020-06-21T23:21:05+00:00\",\"breadcrumb\":{\"@id\":\"https:\/\/pgl.pl\/ls-technics\/#breadcrumb\"},\"inLanguage\":\"en-US\",\"potentialAction\":[{\"@type\":\"ReadAction\",\"target\":[\"https:\/\/pgl.pl\/ls-technics\/\"]}]},{\"@type\":\"ImageObject\",\"inLanguage\":\"en-US\",\"@id\":\"https:\/\/pgl.pl\/ls-technics\/#primaryimage\",\"url\":\"http:\/\/pgl.pl\/wp-content\/uploads\/2020\/06\/polska-grupa-lotnicza-logo-lltechnics.png.jpg\",\"contentUrl\":\"http:\/\/pgl.pl\/wp-content\/uploads\/2020\/06\/polska-grupa-lotnicza-logo-lltechnics.png.jpg\"},{\"@type\":\"BreadcrumbList\",\"@id\":\"https:\/\/pgl.pl\/ls-technics\/#breadcrumb\",\"itemListElement\":[{\"@type\":\"ListItem\",\"position\":1,\"name\":\"Home\",\"item\":\"https:\/\/pgl.pl\/en\/\"},{\"@type\":\"ListItem\",\"position\":2,\"name\":\"LS Technics\"}]},{\"@type\":\"WebSite\",\"@id\":\"https:\/\/pgl.pl\/#website\",\"url\":\"https:\/\/pgl.pl\/\",\"name\":\"Polska Grupa Lotnicza - Integrator podmiot\u00f3w sektora lotniczego\",\"description\":\"\",\"potentialAction\":[{\"@type\":\"SearchAction\",\"target\":{\"@type\":\"EntryPoint\",\"urlTemplate\":\"https:\/\/pgl.pl\/?s={search_term_string}\"},\"query-input\":{\"@type\":\"PropertyValueSpecification\",\"valueRequired\":true,\"valueName\":\"search_term_string\"}}],\"inLanguage\":\"en-US\"}]}<\/script>\n<!-- \/ Yoast SEO plugin. -->","yoast_head_json":{"title":"LS Technics - Polska Grupa Lotnicza - Integrator podmiot\u00f3w sektora lotniczego","robots":{"index":"index","follow":"follow","max-snippet":"max-snippet:-1","max-image-preview":"max-image-preview:large","max-video-preview":"max-video-preview:-1"},"canonical":"https:\/\/pgl.pl\/ls-technics\/","og_locale":"en_US","og_type":"article","og_title":"LS Technics - Polska Grupa Lotnicza - Integrator podmiot\u00f3w sektora lotniczego","og_description":"LS Technics LS Technics is an aircraft repair and overhaul company, employing 300 top-class aviation professionals. The company operates at [&hellip;]","og_url":"https:\/\/pgl.pl\/ls-technics\/","og_site_name":"Polska Grupa Lotnicza - Integrator podmiot\u00f3w sektora lotniczego","article_modified_time":"2020-06-21T23:21:05+00:00","og_image":[{"url":"http:\/\/pgl.pl\/wp-content\/uploads\/2020\/06\/polska-grupa-lotnicza-logo-lltechnics.png.jpg","type":"","width":"","height":""}],"twitter_card":"summary_large_image","twitter_misc":{"Est. reading time":"1 minute"},"schema":{"@context":"https:\/\/schema.org","@graph":[{"@type":"WebPage","@id":"https:\/\/pgl.pl\/ls-technics\/","url":"https:\/\/pgl.pl\/ls-technics\/","name":"LS Technics - Polska Grupa Lotnicza - Integrator podmiot\u00f3w sektora lotniczego","isPartOf":{"@id":"https:\/\/pgl.pl\/#website"},"primaryImageOfPage":{"@id":"https:\/\/pgl.pl\/ls-technics\/#primaryimage"},"image":{"@id":"https:\/\/pgl.pl\/ls-technics\/#primaryimage"},"thumbnailUrl":"http:\/\/pgl.pl\/wp-content\/uploads\/2020\/06\/polska-grupa-lotnicza-logo-lltechnics.png.jpg","datePublished":"2020-05-03T22:06:29+00:00","dateModified":"2020-06-21T23:21:05+00:00","breadcrumb":{"@id":"https:\/\/pgl.pl\/ls-technics\/#breadcrumb"},"inLanguage":"en-US","potentialAction":[{"@type":"ReadAction","target":["https:\/\/pgl.pl\/ls-technics\/"]}]},{"@type":"ImageObject","inLanguage":"en-US","@id":"https:\/\/pgl.pl\/ls-technics\/#primaryimage","url":"http:\/\/pgl.pl\/wp-content\/uploads\/2020\/06\/polska-grupa-lotnicza-logo-lltechnics.png.jpg","contentUrl":"http:\/\/pgl.pl\/wp-content\/uploads\/2020\/06\/polska-grupa-lotnicza-logo-lltechnics.png.jpg"},{"@type":"BreadcrumbList","@id":"https:\/\/pgl.pl\/ls-technics\/#breadcrumb","itemListElement":[{"@type":"ListItem","position":1,"name":"Home","item":"https:\/\/pgl.pl\/en\/"},{"@type":"ListItem","position":2,"name":"LS Technics"}]},{"@type":"WebSite","@id":"https:\/\/pgl.pl\/#website","url":"https:\/\/pgl.pl\/","name":"Polska Grupa Lotnicza - Integrator podmiot\u00f3w sektora lotniczego","description":"","potentialAction":[{"@type":"SearchAction","target":{"@type":"EntryPoint","urlTemplate":"https:\/\/pgl.pl\/?s={search_term_string}"},"query-input":{"@type":"PropertyValueSpecification","valueRequired":true,"valueName":"search_term_string"}}],"inLanguage":"en-US"}]}},"_links":{"self":[{"href":"https:\/\/pgl.pl\/en\/wp-json\/wp\/v2\/pages\/1210","targetHints":{"allow":["GET"]}}],"collection":[{"href":"https:\/\/pgl.pl\/en\/wp-json\/wp\/v2\/pages"}],"about":[{"href":"https:\/\/pgl.pl\/en\/wp-json\/wp\/v2\/types\/page"}],"author":[{"embeddable":true,"href":"https:\/\/pgl.pl\/en\/wp-json\/wp\/v2\/users\/2"}],"replies":[{"embeddable":true,"href":"https:\/\/pgl.pl\/en\/wp-json\/wp\/v2\/comments?post=1210"}],"version-history":[{"count":13,"href":"https:\/\/pgl.pl\/en\/wp-json\/wp\/v2\/pages\/1210\/revisions"}],"predecessor-version":[{"id":2192,"href":"https:\/\/pgl.pl\/en\/wp-json\/wp\/v2\/pages\/1210\/revisions\/2192"}],"wp:attachment":[{"href":"https:\/\/pgl.pl\/en\/wp-json\/wp\/v2\/media?parent=1210"}],"curies":[{"name":"wp","href":"https:\/\/api.w.org\/{rel}","templated":true}]}}