{"id":1208,"date":"2020-05-04T00:03:40","date_gmt":"2020-05-03T22:03:40","guid":{"rendered":"https:\/\/pgl.pl\/?page_id=1208"},"modified":"2025-04-02T23:49:36","modified_gmt":"2025-04-02T21:49:36","slug":"lot-aircraft-maintenance-services","status":"publish","type":"page","link":"https:\/\/pgl.pl\/en\/lot-aircraft-maintenance-services\/","title":{"rendered":"LOT Aircraft Maintenance Services"},"content":{"rendered":"\n<div class=\"wp-block-columns is-style-intro is-layout-flex wp-container-core-columns-is-layout-1 wp-block-columns-is-layout-flex\">\n<div class=\"wp-block-column is-layout-flow wp-block-column-is-layout-flow\" style=\"flex-basis:50%\"><div class=\"text-left\">\n<a href=\"https:\/\/lotams.com\/pl\/\" target=\"_blank\" rel=\"nofollow noopener norefferer\" class=\"btn btn--accent-border  btn--right-icon\"> Go to LOTAMS website&nbsp;<img decoding=\"async\" src=\"https:\/\/pgl.pl\/wp-content\/themes\/pgl\/assets\/images\/external.svg\" class=\"svg\" alt><\/a>\n<\/div>\n\n\n\n\n<div style=\"height:25px\" aria-hidden=\"true\" class=\"wp-block-spacer\"><\/div>\n\n\n<div class=\"wp-block-image\">\n<figure class=\"alignleft size-full\"><img fetchpriority=\"high\" decoding=\"async\" width=\"535\" height=\"228\" src=\"https:\/\/pgl.pl\/wp-content\/uploads\/2025\/01\/lot-ams-3.jpg\" alt class=\"wp-image-6677\" srcset=\"https:\/\/pgl.pl\/wp-content\/uploads\/2025\/01\/lot-ams-3.jpg 535w, https:\/\/pgl.pl\/wp-content\/uploads\/2025\/01\/lot-ams-3-300x128.jpg 300w\" sizes=\"(max-width: 535px) 100vw, 535px\"><\/figure><\/div><\/div>\n\n\n\n<div class=\"wp-block-column is-layout-flow wp-block-column-is-layout-flow\" style=\"flex-basis:50%\">\n<h2 class=\"wp-block-heading\">LOT Aircraft Maintenance Services<\/h2>\n\n\n\n<p class=\"has-medium-font-size\">LOTAMS <strong>is an MRO (Maintenance, Repair, and Overhaul) provider specialising in comprehensive technical services for aircraft<\/strong> such as the Boeing 787, B737 NG\/MAX, and EMBRAER E2\/170\/175\/190\/195. The company <strong>serves four of the world\u2019s ten largest airlines<\/strong> and <strong>three of the four largest European airlines<\/strong>, playing a&nbsp;crucial role in ensuring the safety and efficiency of flight operations.&nbsp;<\/p>\n\n\n\n<p class=\"has-medium-font-size\">LOTAMS operates from two technical bases: one in Warsaw, at Chopin Airport, and another at Rzesz\u00f3w-Jasionka Airport (named after the Ulma Family). The company currently employs <strong>1,900 staff<\/strong> and is continuously developing its <strong>workforce\u2019s expertise in technical support<\/strong> for the Polish aviation sector.&nbsp;<\/p>\n<\/div>\n<\/div>\n\n\n\n<div class=\"wp-block-columns is-layout-flex wp-container-core-columns-is-layout-3 wp-block-columns-is-layout-flex\">\n<div class=\"wp-block-column is-layout-flow wp-block-column-is-layout-flow\">\n<div class=\"wp-block-columns is-layout-flex wp-container-core-columns-is-layout-2 wp-block-columns-is-layout-flex\">\n<div class=\"wp-block-column is-layout-flow wp-block-column-is-layout-flow\"><\/div>\n\n\n\n<div class=\"wp-block-column is-layout-flow wp-block-column-is-layout-flow\"><\/div>\n<\/div>\n<\/div>\n<\/div>\n\n\n\n<div class=\"wp-block-columns is-layout-flex wp-container-core-columns-is-layout-4 wp-block-columns-is-layout-flex\">\n<div class=\"wp-block-column is-layout-flow wp-block-column-is-layout-flow\">\n<div style=\"height:80px\" aria-hidden=\"true\" class=\"wp-block-spacer editorskit-no-mobile\"><\/div>\n\n\n\n<p>At its Warsaw facility, LOTAMS has four hangars offering 10 service bays, providing <strong>comprehensive MRO services<\/strong>, including <strong>aircraft painting and component repairs<\/strong>. In Rzesz\u00f3w, the company can service three aircraft simultaneously in hangars designed for aircraft such as the B787 Dreamliner and Boeing B737 NG\/MAX. LOTAMS plans to complete the construction of an additional base in Rzesz\u00f3w by the end of 2025. This new facility, one of the most modern of its kind in Europe, will not only enhance the company\u2019s operational capabilities but also create new jobs in the region.<\/p>\n\n\n\n<p><\/p>\n\n\n\n<p><\/p>\n<\/div>\n\n\n\n<div class=\"wp-block-column is-layout-flow wp-block-column-is-layout-flow\">\n<figure class=\"wp-block-image size-full\"><img decoding=\"async\" width=\"1900\" height=\"1267\" src=\"https:\/\/pgl.pl\/wp-content\/uploads\/2025\/01\/lotams2.jpg\" alt class=\"wp-image-6517\" style=\"object-fit:cover\" srcset=\"https:\/\/pgl.pl\/wp-content\/uploads\/2025\/01\/lotams2.jpg 1900w, https:\/\/pgl.pl\/wp-content\/uploads\/2025\/01\/lotams2-300x200.jpg 300w, https:\/\/pgl.pl\/wp-content\/uploads\/2025\/01\/lotams2-1024x683.jpg 1024w, https:\/\/pgl.pl\/wp-content\/uploads\/2025\/01\/lotams2-768x512.jpg 768w, https:\/\/pgl.pl\/wp-content\/uploads\/2025\/01\/lotams2-1536x1024.jpg 1536w\" sizes=\"(max-width: 1900px) 100vw, 1900px\"><\/figure>\n<\/div>\n<\/div>\n\n\n\n<div class=\"wp-block-columns is-layout-flex wp-container-core-columns-is-layout-5 wp-block-columns-is-layout-flex\">\n<div class=\"wp-block-column is-layout-flow wp-block-column-is-layout-flow\">\n<figure class=\"wp-block-image size-full\"><img decoding=\"async\" width=\"1900\" height=\"1480\" src=\"https:\/\/pgl.pl\/wp-content\/uploads\/2025\/01\/lot-ams-1-1.jpg\" alt class=\"wp-image-6629\" srcset=\"https:\/\/pgl.pl\/wp-content\/uploads\/2025\/01\/lot-ams-1-1.jpg 1900w, https:\/\/pgl.pl\/wp-content\/uploads\/2025\/01\/lot-ams-1-1-300x234.jpg 300w, https:\/\/pgl.pl\/wp-content\/uploads\/2025\/01\/lot-ams-1-1-1024x798.jpg 1024w, https:\/\/pgl.pl\/wp-content\/uploads\/2025\/01\/lot-ams-1-1-768x598.jpg 768w, https:\/\/pgl.pl\/wp-content\/uploads\/2025\/01\/lot-ams-1-1-1536x1196.jpg 1536w\" sizes=\"(max-width: 1900px) 100vw, 1900px\"><\/figure>\n<\/div>\n\n\n\n<div class=\"wp-block-column is-layout-flow wp-block-column-is-layout-flow\">\n<div style=\"height:40px\" aria-hidden=\"true\" class=\"wp-block-spacer editorskit-no-mobile\"><\/div>\n\n\n\n<p><strong><strong>The main areas of activity of LOTAMS include:<\/strong><\/strong><\/p>\n\n\n\n<ol start=\"1\" class=\"wp-block-list\">\n<li><strong>Comprehensive Technical Servicing (MRO):<\/strong> <strong>Providing comprehensive technical servicing for passenger and cargo aircraft (Maintenance, Repair, Overhaul)<\/strong>, including routine maintenance, painting, repairs, and technical inspections.<\/li>\n\n\n\n<li><strong>Component Repairs:<\/strong> <strong>Repairing <\/strong>aircraft<strong> components and subassemblies<\/strong>.<\/li>\n\n\n\n<li><strong>Engineering and Technical Support:<\/strong> Offering engineering and technical support services, encompassing inspection planning, technical data analysis, and the development of aircraft modifications and enhancements.<\/li>\n\n\n\n<li><strong>Line Maintenance:<\/strong> Performing line maintenance, including <strong>pre-flight checks, refuelling, and troubleshooting between flights<\/strong>, at airports in Budapest, Gda\u0144sk, Pozna\u0144, Wroc\u0142aw, Katowice, Krak\u00f3w, Rzesz\u00f3w, Warsaw, and Warsaw-Modlin.<\/li>\n\n\n\n<li>Design Organisation Approval <strong>(DOA) Services<\/strong>: As an EASA-certified Part-21J Design Organisation, LOTAMS designs and certifies minor modifications and repairs for aircraft.<\/li>\n<\/ol>\n\n\n\n<p><\/p>\n<\/div>\n<\/div>\n\n\n\n<div class=\"wp-block-columns is-layout-flex wp-container-core-columns-is-layout-6 wp-block-columns-is-layout-flex\">\n<div class=\"wp-block-column is-layout-flow wp-block-column-is-layout-flow\">\n<div style=\"height:140px\" aria-hidden=\"true\" class=\"wp-block-spacer editorskit-no-mobile\"><\/div>\n\n\n\n<p><strong>Training and Development:<\/strong> As a&nbsp;certified Part-147 organisation, LOTAMS offers comprehensive training programmes leading to an aircraft mechanic\u2019s licence.<\/p>\n<\/div>\n\n\n\n<div class=\"wp-block-column is-layout-flow wp-block-column-is-layout-flow\">\n<figure class=\"wp-block-image size-large\"><img loading=\"lazy\" decoding=\"async\" width=\"1024\" height=\"576\" src=\"https:\/\/pgl.pl\/wp-content\/uploads\/2025\/01\/image-1024x576.png\" alt class=\"wp-image-6755\" srcset=\"https:\/\/pgl.pl\/wp-content\/uploads\/2025\/01\/image-1024x576.png 1024w, https:\/\/pgl.pl\/wp-content\/uploads\/2025\/01\/image-300x169.png 300w, https:\/\/pgl.pl\/wp-content\/uploads\/2025\/01\/image-768x432.png 768w, https:\/\/pgl.pl\/wp-content\/uploads\/2025\/01\/image-1536x864.png 1536w, https:\/\/pgl.pl\/wp-content\/uploads\/2025\/01\/image.png 1920w\" sizes=\"(max-width: 1024px) 100vw, 1024px\"><\/figure>\n<\/div>\n<\/div>\n\n\n\n<div class=\"wp-block-group is-style-board\"><div class=\"wp-block-group__inner-container is-layout-flow wp-block-group-is-layout-flow\">\n<div class=\"wp-block-columns is-layout-flex wp-container-core-columns-is-layout-7 wp-block-columns-is-layout-flex\">\n<div class=\"wp-block-column is-vertically-aligned-center is-layout-flow wp-block-column-is-layout-flow\" style=\"flex-basis:65%\"><\/div>\n<\/div>\n<\/div><\/div>\n\n\n  <div class=\"bar\">\n    <div class=\"container bar__inner\">\n      <div class=\"bar__text\">Visit LOTAMS website&nbsp;<\/div>\n      <a href=\"https:\/\/lotams.com\/pl\/\" target=\"_blank\" rel=\"nofollow noopener norefferer\" class=\"btn btn--white-border\"> Check&nbsp;<\/a>\n    <\/div>\n  <\/div>\n  <div class=\"pvc_clear\"><\/div><p id=\"pvc_stats_1208\" class=\"pvc_stats all  \" data-element-id=\"1208\" style><i class=\"pvc-stats-icon medium\" aria-hidden=\"true\"><svg version=\"1.0\" viewBox=\"0 0 502 315\" preserveAspectRatio=\"xMidYMid meet\"><g transform=\"translate(0,332) scale(0.1,-0.1)\" fill stroke=\"none\"><path d=\"M2394 3279 l-29 -30 -3 -207 c-2 -182 0 -211 15 -242 39 -76 157 -76 196 0 15 31 17 60 15 243 l-3 209 -33 29 c-26 23 -41 29 -80 29 -41 0 -53 -5 -78 -31z\" \/><path d=\"M3085 3251 c-45 -19 -58 -50 -96 -229 -47 -217 -49 -260 -13 -295 52 -53 146 -42 177 20 16 31 87 366 87 410 0 70 -86 122 -155 94z\" \/><path d=\"M1751 3234 c-13 -9 -29 -31 -37 -50 -12 -29 -10 -49 21 -204 19 -94 39 -189 45 -210 14 -50 54 -80 110 -80 34 0 48 6 76 34 21 21 34 44 34 59 0 14 -18 113 -40 219 -37 178 -43 195 -70 221 -36 32 -101 37 -139 11z\" \/><path d=\"M1163 3073 c-36 -7 -73 -59 -73 -102 0 -56 133 -378 171 -413 34 -32 83 -37 129 -13 70 36 67 87 -16 290 -86 209 -89 214 -129 231 -35 14 -42 15 -82 7z\" \/><path d=\"M3689 3066 c-15 -9 -33 -30 -42 -48 -48 -103 -147 -355 -147 -375 0 -98 131 -148 192 -74 13 15 57 108 97 206 80 196 84 226 37 273 -30 30 -99 39 -137 18z\" \/><path d=\"M583 2784 c-38 -19 -67 -74 -58 -113 9 -42 211 -354 242 -373 16 -10 45 -18 66 -18 51 0 107 52 107 100 0 39 -1 41 -124 234 -80 126 -108 162 -133 173 -41 17 -61 16 -100 -3z\" \/><path d=\"M4250 2784 c-14 -9 -74 -91 -133 -183 -95 -150 -107 -173 -107 -213 0 -55 33 -94 87 -104 67 -13 90 8 211 198 130 202 137 225 78 284 -27 27 -42 34 -72 34 -22 0 -50 -8 -64 -16z\" \/><path d=\"M2275 2693 c-553 -48 -1095 -270 -1585 -649 -135 -104 -459 -423 -483 -476 -23 -49 -22 -139 2 -186 73 -142 361 -457 571 -626 285 -228 642 -407 990 -497 242 -63 336 -73 660 -74 310 0 370 5 595 52 535 111 1045 392 1455 803 122 121 250 273 275 326 19 41 19 137 0 174 -41 79 -309 363 -465 492 -447 370 -946 591 -1479 653 -113 14 -422 18 -536 8z m395 -428 c171 -34 330 -124 456 -258 112 -119 167 -219 211 -378 27 -96 24 -300 -5 -401 -72 -255 -236 -447 -474 -557 -132 -62 -201 -76 -368 -76 -167 0 -236 14 -368 76 -213 98 -373 271 -451 485 -162 444 86 934 547 1084 153 49 292 57 452 25z m909 -232 c222 -123 408 -262 593 -441 76 -74 138 -139 138 -144 0 -16 -233 -242 -330 -319 -155 -123 -309 -223 -461 -299 l-81 -41 32 46 c18 26 49 83 70 128 143 306 141 649 -6 957 -25 52 -61 116 -79 142 l-34 47 45 -20 c26 -10 76 -36 113 -56z m-2057 25 c-40 -58 -105 -190 -130 -263 -110 -324 -59 -707 132 -981 25 -35 42 -64 37 -64 -19 0 -241 119 -326 174 -188 122 -406 314 -532 468 l-58 71 108 103 c185 178 428 349 672 473 66 33 121 60 123 61 2 0 -10 -19 -26 -42z\" \/><path d=\"M2375 1950 c-198 -44 -350 -190 -395 -379 -18 -76 -8 -221 19 -290 114 -284 457 -406 731 -260 98 52 188 154 231 260 27 69 37 214 19 290 -38 163 -166 304 -326 360 -67 23 -215 33 -279 19z\" \/><\/g><\/svg><\/i> <img loading=\"lazy\" decoding=\"async\" width=\"16\" height=\"16\" alt=\"Loading\" src=\"https:\/\/pgl.pl\/wp-content\/plugins\/page-views-count\/ajax-loader-2x.gif\" border=\"0\"><\/p><div class=\"pvc_clear\"><\/div>","protected":false},"excerpt":{"rendered":"<p>LOT Aircraft Maintenance Services LOTAMS is an MRO (Maintenance, Repair, and Overhaul) provider specialising in comprehensive technical services for aircraft&nbsp;[\u2026]<\/p>\n<div class=\"pvc_clear\"><\/div>\n<p id=\"pvc_stats_1208\" class=\"pvc_stats all  \" data-element-id=\"1208\" style><i class=\"pvc-stats-icon medium\" aria-hidden=\"true\"><svg version=\"1.0\" viewBox=\"0 0 502 315\" preserveAspectRatio=\"xMidYMid meet\"><g transform=\"translate(0,332) scale(0.1,-0.1)\" fill stroke=\"none\"><path d=\"M2394 3279 l-29 -30 -3 -207 c-2 -182 0 -211 15 -242 39 -76 157 -76 196 0 15 31 17 60 15 243 l-3 209 -33 29 c-26 23 -41 29 -80 29 -41 0 -53 -5 -78 -31z\" \/><path d=\"M3085 3251 c-45 -19 -58 -50 -96 -229 -47 -217 -49 -260 -13 -295 52 -53 146 -42 177 20 16 31 87 366 87 410 0 70 -86 122 -155 94z\" \/><path d=\"M1751 3234 c-13 -9 -29 -31 -37 -50 -12 -29 -10 -49 21 -204 19 -94 39 -189 45 -210 14 -50 54 -80 110 -80 34 0 48 6 76 34 21 21 34 44 34 59 0 14 -18 113 -40 219 -37 178 -43 195 -70 221 -36 32 -101 37 -139 11z\" \/><path d=\"M1163 3073 c-36 -7 -73 -59 -73 -102 0 -56 133 -378 171 -413 34 -32 83 -37 129 -13 70 36 67 87 -16 290 -86 209 -89 214 -129 231 -35 14 -42 15 -82 7z\" \/><path d=\"M3689 3066 c-15 -9 -33 -30 -42 -48 -48 -103 -147 -355 -147 -375 0 -98 131 -148 192 -74 13 15 57 108 97 206 80 196 84 226 37 273 -30 30 -99 39 -137 18z\" \/><path d=\"M583 2784 c-38 -19 -67 -74 -58 -113 9 -42 211 -354 242 -373 16 -10 45 -18 66 -18 51 0 107 52 107 100 0 39 -1 41 -124 234 -80 126 -108 162 -133 173 -41 17 -61 16 -100 -3z\" \/><path d=\"M4250 2784 c-14 -9 -74 -91 -133 -183 -95 -150 -107 -173 -107 -213 0 -55 33 -94 87 -104 67 -13 90 8 211 198 130 202 137 225 78 284 -27 27 -42 34 -72 34 -22 0 -50 -8 -64 -16z\" \/><path d=\"M2275 2693 c-553 -48 -1095 -270 -1585 -649 -135 -104 -459 -423 -483 -476 -23 -49 -22 -139 2 -186 73 -142 361 -457 571 -626 285 -228 642 -407 990 -497 242 -63 336 -73 660 -74 310 0 370 5 595 52 535 111 1045 392 1455 803 122 121 250 273 275 326 19 41 19 137 0 174 -41 79 -309 363 -465 492 -447 370 -946 591 -1479 653 -113 14 -422 18 -536 8z m395 -428 c171 -34 330 -124 456 -258 112 -119 167 -219 211 -378 27 -96 24 -300 -5 -401 -72 -255 -236 -447 -474 -557 -132 -62 -201 -76 -368 -76 -167 0 -236 14 -368 76 -213 98 -373 271 -451 485 -162 444 86 934 547 1084 153 49 292 57 452 25z m909 -232 c222 -123 408 -262 593 -441 76 -74 138 -139 138 -144 0 -16 -233 -242 -330 -319 -155 -123 -309 -223 -461 -299 l-81 -41 32 46 c18 26 49 83 70 128 143 306 141 649 -6 957 -25 52 -61 116 -79 142 l-34 47 45 -20 c26 -10 76 -36 113 -56z m-2057 25 c-40 -58 -105 -190 -130 -263 -110 -324 -59 -707 132 -981 25 -35 42 -64 37 -64 -19 0 -241 119 -326 174 -188 122 -406 314 -532 468 l-58 71 108 103 c185 178 428 349 672 473 66 33 121 60 123 61 2 0 -10 -19 -26 -42z\" \/><path d=\"M2375 1950 c-198 -44 -350 -190 -395 -379 -18 -76 -8 -221 19 -290 114 -284 457 -406 731 -260 98 52 188 154 231 260 27 69 37 214 19 290 -38 163 -166 304 -326 360 -67 23 -215 33 -279 19z\" \/><\/g><\/svg><\/i> <img loading=\"lazy\" decoding=\"async\" width=\"16\" height=\"16\" alt=\"Loading\" src=\"https:\/\/pgl.pl\/wp-content\/plugins\/page-views-count\/ajax-loader-2x.gif\" border=\"0\"><\/p>\n<div class=\"pvc_clear\"><\/div>\n","protected":false},"author":2,"featured_media":0,"parent":0,"menu_order":0,"comment_status":"closed","ping_status":"closed","template":"","meta":{"_acf_changed":false,"_editorskit_title_hidden":false,"_editorskit_reading_time":1,"_editorskit_is_block_options_detached":false,"_editorskit_block_options_position":"{}","inline_featured_image":false,"wp_typography_post_enhancements_disabled":false,"_monsterinsights_skip_tracking":false,"_monsterinsights_sitenote_active":false,"_monsterinsights_sitenote_note":"","_monsterinsights_sitenote_category":0,"footnotes":""},"class_list":["post-1208","page","type-page","status-publish","hentry"],"acf":[],"yoast_head":"<!-- This site is optimized with the Yoast SEO plugin v25.3.1 - https:\/\/yoast.com\/wordpress\/plugins\/seo\/ -->\n<title>LOT Aircraft Maintenance Services - Polska Grupa Lotnicza - Integrator podmiot\u00f3w sektora lotniczego<\/title>\n<meta name=\"robots\" content=\"index, follow, max-snippet:-1, max-image-preview:large, max-video-preview:-1\" \/>\n<link rel=\"canonical\" href=\"https:\/\/pgl.pl\/en\/lot-aircraft-maintenance-services\/\" \/>\n<meta property=\"og:locale\" content=\"en_US\" \/>\n<meta property=\"og:type\" content=\"article\" \/>\n<meta property=\"og:title\" content=\"LOT Aircraft Maintenance Services - Polska Grupa Lotnicza - Integrator podmiot\u00f3w sektora lotniczego\" \/>\n<meta property=\"og:description\" content=\"LOT Aircraft Maintenance Services LOTAMS is an MRO (Maintenance, Repair, and Overhaul) provider specialising in comprehensive technical services for aircraft [&hellip;]\" \/>\n<meta property=\"og:url\" content=\"https:\/\/pgl.pl\/en\/lot-aircraft-maintenance-services\/\" \/>\n<meta property=\"og:site_name\" content=\"Polska Grupa Lotnicza - Integrator podmiot\u00f3w sektora lotniczego\" \/>\n<meta property=\"article:modified_time\" content=\"2025-04-02T21:49:36+00:00\" \/>\n<meta property=\"og:image\" content=\"https:\/\/pgl.pl\/wp-content\/uploads\/2025\/01\/lot-ams-3.jpg\" \/>\n<meta name=\"twitter:card\" content=\"summary_large_image\" \/>\n<meta name=\"twitter:label1\" content=\"Est. reading time\" \/>\n\t<meta name=\"twitter:data1\" content=\"3 minutes\" \/>\n<script type=\"application\/ld+json\" class=\"yoast-schema-graph\">{\"@context\":\"https:\/\/schema.org\",\"@graph\":[{\"@type\":\"WebPage\",\"@id\":\"https:\/\/pgl.pl\/en\/lot-aircraft-maintenance-services\/\",\"url\":\"https:\/\/pgl.pl\/en\/lot-aircraft-maintenance-services\/\",\"name\":\"LOT Aircraft Maintenance Services - Polska Grupa Lotnicza - Integrator podmiot\u00f3w sektora lotniczego\",\"isPartOf\":{\"@id\":\"https:\/\/pgl.pl\/#website\"},\"primaryImageOfPage\":{\"@id\":\"https:\/\/pgl.pl\/en\/lot-aircraft-maintenance-services\/#primaryimage\"},\"image\":{\"@id\":\"https:\/\/pgl.pl\/en\/lot-aircraft-maintenance-services\/#primaryimage\"},\"thumbnailUrl\":\"https:\/\/pgl.pl\/wp-content\/uploads\/2025\/01\/lot-ams-3.jpg\",\"datePublished\":\"2020-05-03T22:03:40+00:00\",\"dateModified\":\"2025-04-02T21:49:36+00:00\",\"breadcrumb\":{\"@id\":\"https:\/\/pgl.pl\/en\/lot-aircraft-maintenance-services\/#breadcrumb\"},\"inLanguage\":\"en-US\",\"potentialAction\":[{\"@type\":\"ReadAction\",\"target\":[\"https:\/\/pgl.pl\/en\/lot-aircraft-maintenance-services\/\"]}]},{\"@type\":\"ImageObject\",\"inLanguage\":\"en-US\",\"@id\":\"https:\/\/pgl.pl\/en\/lot-aircraft-maintenance-services\/#primaryimage\",\"url\":\"https:\/\/pgl.pl\/wp-content\/uploads\/2025\/01\/lot-ams-3.jpg\",\"contentUrl\":\"https:\/\/pgl.pl\/wp-content\/uploads\/2025\/01\/lot-ams-3.jpg\"},{\"@type\":\"BreadcrumbList\",\"@id\":\"https:\/\/pgl.pl\/en\/lot-aircraft-maintenance-services\/#breadcrumb\",\"itemListElement\":[{\"@type\":\"ListItem\",\"position\":1,\"name\":\"Home\",\"item\":\"https:\/\/pgl.pl\/en\/\"},{\"@type\":\"ListItem\",\"position\":2,\"name\":\"LOT Aircraft Maintenance Services\"}]},{\"@type\":\"WebSite\",\"@id\":\"https:\/\/pgl.pl\/#website\",\"url\":\"https:\/\/pgl.pl\/\",\"name\":\"Polska Grupa Lotnicza - Integrator podmiot\u00f3w sektora lotniczego\",\"description\":\"\",\"potentialAction\":[{\"@type\":\"SearchAction\",\"target\":{\"@type\":\"EntryPoint\",\"urlTemplate\":\"https:\/\/pgl.pl\/?s={search_term_string}\"},\"query-input\":{\"@type\":\"PropertyValueSpecification\",\"valueRequired\":true,\"valueName\":\"search_term_string\"}}],\"inLanguage\":\"en-US\"}]}<\/script>\n<!-- \/ Yoast SEO plugin. -->","yoast_head_json":{"title":"LOT Aircraft Maintenance Services - Polska Grupa Lotnicza - Integrator podmiot\u00f3w sektora lotniczego","robots":{"index":"index","follow":"follow","max-snippet":"max-snippet:-1","max-image-preview":"max-image-preview:large","max-video-preview":"max-video-preview:-1"},"canonical":"https:\/\/pgl.pl\/en\/lot-aircraft-maintenance-services\/","og_locale":"en_US","og_type":"article","og_title":"LOT Aircraft Maintenance Services - Polska Grupa Lotnicza - Integrator podmiot\u00f3w sektora lotniczego","og_description":"LOT Aircraft Maintenance Services LOTAMS is an MRO (Maintenance, Repair, and Overhaul) provider specialising in comprehensive technical services for aircraft [&hellip;]","og_url":"https:\/\/pgl.pl\/en\/lot-aircraft-maintenance-services\/","og_site_name":"Polska Grupa Lotnicza - Integrator podmiot\u00f3w sektora lotniczego","article_modified_time":"2025-04-02T21:49:36+00:00","og_image":[{"url":"https:\/\/pgl.pl\/wp-content\/uploads\/2025\/01\/lot-ams-3.jpg","type":"","width":"","height":""}],"twitter_card":"summary_large_image","twitter_misc":{"Est. reading time":"3 minutes"},"schema":{"@context":"https:\/\/schema.org","@graph":[{"@type":"WebPage","@id":"https:\/\/pgl.pl\/en\/lot-aircraft-maintenance-services\/","url":"https:\/\/pgl.pl\/en\/lot-aircraft-maintenance-services\/","name":"LOT Aircraft Maintenance Services - Polska Grupa Lotnicza - Integrator podmiot\u00f3w sektora lotniczego","isPartOf":{"@id":"https:\/\/pgl.pl\/#website"},"primaryImageOfPage":{"@id":"https:\/\/pgl.pl\/en\/lot-aircraft-maintenance-services\/#primaryimage"},"image":{"@id":"https:\/\/pgl.pl\/en\/lot-aircraft-maintenance-services\/#primaryimage"},"thumbnailUrl":"https:\/\/pgl.pl\/wp-content\/uploads\/2025\/01\/lot-ams-3.jpg","datePublished":"2020-05-03T22:03:40+00:00","dateModified":"2025-04-02T21:49:36+00:00","breadcrumb":{"@id":"https:\/\/pgl.pl\/en\/lot-aircraft-maintenance-services\/#breadcrumb"},"inLanguage":"en-US","potentialAction":[{"@type":"ReadAction","target":["https:\/\/pgl.pl\/en\/lot-aircraft-maintenance-services\/"]}]},{"@type":"ImageObject","inLanguage":"en-US","@id":"https:\/\/pgl.pl\/en\/lot-aircraft-maintenance-services\/#primaryimage","url":"https:\/\/pgl.pl\/wp-content\/uploads\/2025\/01\/lot-ams-3.jpg","contentUrl":"https:\/\/pgl.pl\/wp-content\/uploads\/2025\/01\/lot-ams-3.jpg"},{"@type":"BreadcrumbList","@id":"https:\/\/pgl.pl\/en\/lot-aircraft-maintenance-services\/#breadcrumb","itemListElement":[{"@type":"ListItem","position":1,"name":"Home","item":"https:\/\/pgl.pl\/en\/"},{"@type":"ListItem","position":2,"name":"LOT Aircraft Maintenance Services"}]},{"@type":"WebSite","@id":"https:\/\/pgl.pl\/#website","url":"https:\/\/pgl.pl\/","name":"Polska Grupa Lotnicza - Integrator podmiot\u00f3w sektora lotniczego","description":"","potentialAction":[{"@type":"SearchAction","target":{"@type":"EntryPoint","urlTemplate":"https:\/\/pgl.pl\/?s={search_term_string}"},"query-input":{"@type":"PropertyValueSpecification","valueRequired":true,"valueName":"search_term_string"}}],"inLanguage":"en-US"}]}},"_links":{"self":[{"href":"https:\/\/pgl.pl\/en\/wp-json\/wp\/v2\/pages\/1208","targetHints":{"allow":["GET"]}}],"collection":[{"href":"https:\/\/pgl.pl\/en\/wp-json\/wp\/v2\/pages"}],"about":[{"href":"https:\/\/pgl.pl\/en\/wp-json\/wp\/v2\/types\/page"}],"author":[{"embeddable":true,"href":"https:\/\/pgl.pl\/en\/wp-json\/wp\/v2\/users\/2"}],"replies":[{"embeddable":true,"href":"https:\/\/pgl.pl\/en\/wp-json\/wp\/v2\/comments?post=1208"}],"version-history":[{"count":15,"href":"https:\/\/pgl.pl\/en\/wp-json\/wp\/v2\/pages\/1208\/revisions"}],"predecessor-version":[{"id":9723,"href":"https:\/\/pgl.pl\/en\/wp-json\/wp\/v2\/pages\/1208\/revisions\/9723"}],"wp:attachment":[{"href":"https:\/\/pgl.pl\/en\/wp-json\/wp\/v2\/media?parent=1208"}],"curies":[{"name":"wp","href":"https:\/\/api.w.org\/{rel}","templated":true}]}}