{"id":11735,"date":"2025-12-15T13:38:12","date_gmt":"2025-12-15T12:38:12","guid":{"rendered":"https:\/\/pgl.pl\/biuletyn-pgl-vol-9\/pal-podsumowanie-miesiaca\/"},"modified":"2025-12-15T13:38:12","modified_gmt":"2025-12-15T12:38:12","slug":"pal-podsumowanie-miesiaca-2","status":"publish","type":"page","link":"https:\/\/pgl.pl\/en\/biuletyn-pgl-vol-9\/pal-podsumowanie-miesiaca-2\/","title":{"rendered":"PAL \u2013 podsumowanie miesi\u0105ca"},"content":{"rendered":"\t\t<div data-elementor-type=\"wp-page\" data-elementor-id=\"11735\" class=\"elementor elementor-11735 elementor-11734\">\n\t\t\t\t\t\t<section class=\"elementor-section elementor-top-section elementor-element elementor-element-f6e4385 elementor-section-boxed elementor-section-height-default elementor-section-height-default\" data-id=\"f6e4385\" data-element_type=\"section\">\n\t\t\t\t\t\t<div class=\"elementor-container elementor-column-gap-no\">\n\t\t\t\t\t<div class=\"elementor-column elementor-col-100 elementor-top-column elementor-element elementor-element-d73a836\" data-id=\"d73a836\" data-element_type=\"column\">\n\t\t\t<div class=\"elementor-widget-wrap elementor-element-populated\">\n\t\t\t\t\t\t<div class=\"elementor-element elementor-element-ba20e33 elementor-widget elementor-widget-image\" data-id=\"ba20e33\" data-element_type=\"widget\" data-widget_type=\"image.default\">\n\t\t\t\t<div class=\"elementor-widget-container\">\n\t\t\t\t\t\t\t\t\t\t\t\t\t<img fetchpriority=\"high\" decoding=\"async\" width=\"2560\" height=\"534\" src=\"https:\/\/pgl.pl\/wp-content\/uploads\/2025\/07\/pal.jpg\" class=\"attachment-full size-full wp-image-10791\" alt srcset=\"https:\/\/pgl.pl\/wp-content\/uploads\/2025\/07\/pal.jpg 2560w, https:\/\/pgl.pl\/wp-content\/uploads\/2025\/07\/pal-300x63.jpg 300w, https:\/\/pgl.pl\/wp-content\/uploads\/2025\/07\/pal-1024x214.jpg 1024w, https:\/\/pgl.pl\/wp-content\/uploads\/2025\/07\/pal-768x160.jpg 768w, https:\/\/pgl.pl\/wp-content\/uploads\/2025\/07\/pal-1536x320.jpg 1536w, https:\/\/pgl.pl\/wp-content\/uploads\/2025\/07\/pal-2048x427.jpg 2048w, https:\/\/pgl.pl\/wp-content\/uploads\/2025\/07\/pal-1920x401.jpg 1920w\" sizes=\"(max-width: 2560px) 100vw, 2560px\">\t\t\t\t\t\t\t\t\t\t\t\t\t<\/div>\n\t\t\t\t<\/div>\n\t\t\t\t\t<\/div>\n\t\t<\/div>\n\t\t\t\t\t<\/div>\n\t\t<\/section>\n\t\t\t\t<section class=\"elementor-section elementor-top-section elementor-element elementor-element-534c078 elementor-section-boxed elementor-section-height-default elementor-section-height-default\" data-id=\"534c078\" data-element_type=\"section\">\n\t\t\t\t\t\t<div class=\"elementor-container elementor-column-gap-default\">\n\t\t\t\t\t<div class=\"elementor-column elementor-col-50 elementor-top-column elementor-element elementor-element-04508c4\" data-id=\"04508c4\" data-element_type=\"column\">\n\t\t\t<div class=\"elementor-widget-wrap\">\n\t\t\t\t\t\t\t<\/div>\n\t\t<\/div>\n\t\t\t\t<div class=\"elementor-column elementor-col-50 elementor-top-column elementor-element elementor-element-bf9639d\" data-id=\"bf9639d\" data-element_type=\"column\">\n\t\t\t<div class=\"elementor-widget-wrap elementor-element-populated\">\n\t\t\t\t\t\t<div class=\"elementor-element elementor-element-8ceda06 elementor-widget elementor-widget-heading\" data-id=\"8ceda06\" data-element_type=\"widget\" data-widget_type=\"heading.default\">\n\t\t\t\t<div class=\"elementor-widget-container\">\n\t\t\t<h2 class=\"elementor-heading-title elementor-size-default\">Wrzesie\u0144 2025<\/h2>\t\t<\/div>\n\t\t\t\t<\/div>\n\t\t\t\t\t<\/div>\n\t\t<\/div>\n\t\t\t\t\t<\/div>\n\t\t<\/section>\n\t\t\t\t<section class=\"elementor-section elementor-top-section elementor-element elementor-element-48bc57f elementor-section-boxed elementor-section-height-default elementor-section-height-default\" data-id=\"48bc57f\" data-element_type=\"section\">\n\t\t\t\t\t\t<div class=\"elementor-container elementor-column-gap-default\">\n\t\t\t\t\t<div class=\"elementor-column elementor-col-50 elementor-top-column elementor-element elementor-element-1d9d800\" data-id=\"1d9d800\" data-element_type=\"column\">\n\t\t\t<div class=\"elementor-widget-wrap elementor-element-populated\">\n\t\t\t\t\t\t<div class=\"elementor-element elementor-element-a39aee4 elementor-widget elementor-widget-heading\" data-id=\"a39aee4\" data-element_type=\"widget\" data-widget_type=\"heading.default\">\n\t\t\t\t<div class=\"elementor-widget-container\">\n\t\t\t<h2 class=\"elementor-heading-title elementor-size-default\">Nowe szkolenia w&nbsp;powietrzu i&nbsp;na ziemi!<\/h2>\t\t<\/div>\n\t\t\t\t<\/div>\n\t\t\t\t<div class=\"elementor-element elementor-element-5bbff91 elementor-vertical-align-top elementor-widget elementor-widget-icon-box\" data-id=\"5bbff91\" data-element_type=\"widget\" data-widget_type=\"icon-box.default\">\n\t\t\t\t<div class=\"elementor-widget-container\">\n\t\t\t\t\t<div class=\"elementor-icon-box-wrapper\">\n\n\t\t\t\n\t\t\t\t\t\t<div class=\"elementor-icon-box-content\">\n\n\t\t\t\t\n\t\t\t\t\t\t\t\t\t<p class=\"elementor-icon-box-description\">Z&nbsp;pocz\u0105tkiem wrze\u015bnia uruchomili\u015bmy przedostatni\u0105 w&nbsp;tym roku edycj\u0119 kursu teoretycznego do licencji PPL(A). Uda\u0142o si\u0119 zebra\u0107 pe\u0142n\u0105 grup\u0119 student\u00f3w, kt\u00f3rzy jeszcze w&nbsp;2025 b\u0119d\u0105 mieli szans\u0119 zasi\u0105\u015b\u0107 za sterami samolotu i&nbsp;zrobi\u0107 pierwszy krok w&nbsp;swojej lotniczej karierze.<br><br> R\u00f3wnolegle rozpocz\u0119li\u015bmy tak\u017ce szkolenie UPRT (Upset Prevention and Recovery Training), kt\u00f3re koncentruje si\u0119 na nauce zapobiegania i&nbsp;wyprowadzania samolotu z&nbsp;sytuacji krytycznych. Program k\u0142adzie szczeg\u00f3lny nacisk nie tylko na umiej\u0119tno\u015bci manualne, ale r\u00f3wnie\u017c na reakcje psychologiczne kursant\u00f3w oraz rozw\u00f3j analitycznego my\u015blenia, niezb\u0119dnego do podejmowania szybkich i&nbsp;trafnych decyzji w&nbsp;warunkach du\u017cego stresu. R\u00f3wnie\u017c tutaj cieszymy si\u0119 du\u017cym <br><br>zainteresowaniem i&nbsp;liczn\u0105 grup\u0105 uczestnik\u00f3w. Cieszymy si\u0119, \u017ce mo\u017cemy wspiera\u0107 kolejnych pasjonat\u00f3w w&nbsp;ich pierwszych krokach ku lotniczej przygodzie.&nbsp;<\/p>\n\t\t\t\t\n\t\t\t<\/div>\n\t\t\t\n\t\t<\/div>\n\t\t\t\t<\/div>\n\t\t\t\t<\/div>\n\t\t\t\t<div class=\"elementor-element elementor-element-cadb1a8 elementor-position-left elementor-view-default elementor-mobile-position-top elementor-vertical-align-top elementor-widget elementor-widget-icon-box\" data-id=\"cadb1a8\" data-element_type=\"widget\" data-widget_type=\"icon-box.default\">\n\t\t\t\t<div class=\"elementor-widget-container\">\n\t\t\t\t\t<div class=\"elementor-icon-box-wrapper\">\n\n\t\t\t\t\t\t<div class=\"elementor-icon-box-icon\">\n\t\t\t\t<a href=\"https:\/\/pgl.pl\/en\/biuletyn-pgl-vol-9\/\" class=\"elementor-icon elementor-animation-\" tabindex=\"-1\">\n\t\t\t\t<svg aria-hidden=\"true\" class=\"e-font-icon-svg e-fas-backward\" viewBox=\"0 0 512 512\"><path d=\"M11.5 280.6l192 160c20.6 17.2 52.5 2.8 52.5-24.6V96c0-27.4-31.9-41.8-52.5-24.6l-192 160c-15.3 12.8-15.3 36.4 0 49.2zm256 0l192 160c20.6 17.2 52.5 2.8 52.5-24.6V96c0-27.4-31.9-41.8-52.5-24.6l-192 160c-15.3 12.8-15.3 36.4 0 49.2z\" \/><\/svg>\t\t\t\t<\/a>\n\t\t\t<\/div>\n\t\t\t\n\t\t\t\t\t\t<div class=\"elementor-icon-box-content\">\n\n\t\t\t\t\t\t\t\t\t<h3 class=\"elementor-icon-box-title\">\n\t\t\t\t\t\t<a href=\"https:\/\/pgl.pl\/en\/biuletyn-pgl-vol-9\/\"> Wr\u00f3\u0107 na stron\u0119 g\u0142\u00f3wn\u0105&nbsp;<\/a>\n\t\t\t\t\t<\/h3>\n\t\t\t\t\n\t\t\t\t\n\t\t\t<\/div>\n\t\t\t\n\t\t<\/div>\n\t\t\t\t<\/div>\n\t\t\t\t<\/div>\n\t\t\t\t\t<\/div>\n\t\t<\/div>\n\t\t\t\t<div class=\"elementor-column elementor-col-50 elementor-top-column elementor-element elementor-element-0598f2d\" data-id=\"0598f2d\" data-element_type=\"column\">\n\t\t\t<div class=\"elementor-widget-wrap elementor-element-populated\">\n\t\t\t\t\t\t<div class=\"elementor-element elementor-element-5c337b2 elementor-widget elementor-widget-image\" data-id=\"5c337b2\" data-element_type=\"widget\" data-widget_type=\"image.default\">\n\t\t\t\t<div class=\"elementor-widget-container\">\n\t\t\t\t\t\t\t\t\t\t\t\t\t<img decoding=\"async\" width=\"874\" height=\"2014\" src=\"https:\/\/pgl.pl\/wp-content\/uploads\/2025\/05\/pal.jpg\" class=\"attachment-full size-full wp-image-10395\" alt srcset=\"https:\/\/pgl.pl\/wp-content\/uploads\/2025\/05\/pal.jpg 874w, https:\/\/pgl.pl\/wp-content\/uploads\/2025\/05\/pal-130x300.jpg 130w, https:\/\/pgl.pl\/wp-content\/uploads\/2025\/05\/pal-444x1024.jpg 444w, https:\/\/pgl.pl\/wp-content\/uploads\/2025\/05\/pal-768x1770.jpg 768w, https:\/\/pgl.pl\/wp-content\/uploads\/2025\/05\/pal-667x1536.jpg 667w\" sizes=\"(max-width: 874px) 100vw, 874px\">\t\t\t\t\t\t\t\t\t\t\t\t\t<\/div>\n\t\t\t\t<\/div>\n\t\t\t\t<div class=\"elementor-element elementor-element-d89a6f8 elementor-widget elementor-widget-image\" data-id=\"d89a6f8\" data-element_type=\"widget\" data-widget_type=\"image.default\">\n\t\t\t\t<div class=\"elementor-widget-container\">\n\t\t\t\t\t\t\t\t\t\t\t\t\t<img decoding=\"async\" width=\"841\" height=\"782\" src=\"https:\/\/pgl.pl\/wp-content\/uploads\/2025\/01\/pal-anastazja.png\" class=\"attachment-full size-full wp-image-7157\" alt srcset=\"https:\/\/pgl.pl\/wp-content\/uploads\/2025\/01\/pal-anastazja.png 841w, https:\/\/pgl.pl\/wp-content\/uploads\/2025\/01\/pal-anastazja-300x279.png 300w, https:\/\/pgl.pl\/wp-content\/uploads\/2025\/01\/pal-anastazja-768x714.png 768w\" sizes=\"(max-width: 841px) 100vw, 841px\">\t\t\t\t\t\t\t\t\t\t\t\t\t<\/div>\n\t\t\t\t<\/div>\n\t\t\t\t<div class=\"elementor-element elementor-element-3545552 elementor-widget elementor-widget-text-editor\" data-id=\"3545552\" data-element_type=\"widget\" data-widget_type=\"text-editor.default\">\n\t\t\t\t<div class=\"elementor-widget-container\">\n\t\t\t\t\t\t\t<p class=\"cvGsUA direction-ltr align-end para-style-body\"><em><span class=\"OYPEnA font-feature-liga-off font-feature-clig-off font-feature-calt-off text-decoration-none text-strikethrough-none\"><strong>Anastazja Woitiul<\/strong><br><\/span><span class=\"OYPEnA font-feature-liga-off font-feature-clig-off font-feature-calt-off text-decoration-none text-strikethrough-none\">Specjalista ds. Marketingu i&nbsp;PR<\/span><\/em><\/p>\n\t\t\t\t\t\t<\/div>\n\t\t\t\t<\/div>\n\t\t\t\t\t<\/div>\n\t\t<\/div>\n\t\t\t\t\t<\/div>\n\t\t<\/section>\n\t\t\t\t<section class=\"elementor-section elementor-top-section elementor-element elementor-element-bc7ab32 elementor-section-boxed elementor-section-height-default elementor-section-height-default\" data-id=\"bc7ab32\" data-element_type=\"section\">\n\t\t\t\t\t\t<div class=\"elementor-container elementor-column-gap-default\">\n\t\t\t\t\t<div class=\"elementor-column elementor-col-100 elementor-top-column elementor-element elementor-element-59c0d89\" data-id=\"59c0d89\" data-element_type=\"column\">\n\t\t\t<div class=\"elementor-widget-wrap\">\n\t\t\t\t\t\t\t<\/div>\n\t\t<\/div>\n\t\t\t\t\t<\/div>\n\t\t<\/section>\n\t\t\t\t<section class=\"elementor-section elementor-top-section elementor-element elementor-element-628d6d5 elementor-section-boxed elementor-section-height-default elementor-section-height-default\" data-id=\"628d6d5\" data-element_type=\"section\" data-settings=\"{&quot;background_background&quot;:&quot;classic&quot;}\">\n\t\t\t\t\t\t<div class=\"elementor-container elementor-column-gap-no\">\n\t\t\t\t\t<div class=\"elementor-column elementor-col-100 elementor-top-column elementor-element elementor-element-49e91d4\" data-id=\"49e91d4\" data-element_type=\"column\">\n\t\t\t<div class=\"elementor-widget-wrap elementor-element-populated\">\n\t\t\t\t\t\t<div class=\"elementor-element elementor-element-7fbc1aa elementor-widget elementor-widget-image\" data-id=\"7fbc1aa\" data-element_type=\"widget\" data-widget_type=\"image.default\">\n\t\t\t\t<div class=\"elementor-widget-container\">\n\t\t\t\t\t\t\t\t\t\t\t\t\t<img loading=\"lazy\" decoding=\"async\" width=\"4500\" height=\"567\" src=\"https:\/\/pgl.pl\/wp-content\/uploads\/2025\/01\/logo-blue.png\" class=\"attachment-full size-full wp-image-6894\" alt srcset=\"https:\/\/pgl.pl\/wp-content\/uploads\/2025\/01\/logo-blue.png 4500w, https:\/\/pgl.pl\/wp-content\/uploads\/2025\/01\/logo-blue-300x38.png 300w, https:\/\/pgl.pl\/wp-content\/uploads\/2025\/01\/logo-blue-1024x129.png 1024w, https:\/\/pgl.pl\/wp-content\/uploads\/2025\/01\/logo-blue-768x97.png 768w, https:\/\/pgl.pl\/wp-content\/uploads\/2025\/01\/logo-blue-1536x194.png 1536w, https:\/\/pgl.pl\/wp-content\/uploads\/2025\/01\/logo-blue-2048x258.png 2048w, https:\/\/pgl.pl\/wp-content\/uploads\/2025\/01\/logo-blue-1920x242.png 1920w\" sizes=\"(max-width: 4500px) 100vw, 4500px\">\t\t\t\t\t\t\t\t\t\t\t\t\t<\/div>\n\t\t\t\t<\/div>\n\t\t\t\t\t<\/div>\n\t\t<\/div>\n\t\t\t\t\t<\/div>\n\t\t<\/section>\n\t\t\t\t<\/div>\n\t\t","protected":false},"excerpt":{"rendered":"<p>Wrzesie\u0144 2025 Nowe szkolenia w&nbsp;powietrzu i&nbsp;na ziemi! Z&nbsp;pocz\u0105tkiem wrze\u015bnia uruchomili\u015bmy przedostatni\u0105 w&nbsp;tym roku edycj\u0119 kursu teoretycznego do licencji PPL(A). Uda\u0142o&nbsp;[\u2026]<\/p>\n<div class=\"pvc_clear\"><\/div>\n<p id=\"pvc_stats_11735\" class=\"pvc_stats all  \" data-element-id=\"11735\" style><i class=\"pvc-stats-icon medium\" aria-hidden=\"true\"><svg version=\"1.0\" viewBox=\"0 0 502 315\" preserveAspectRatio=\"xMidYMid meet\"><g transform=\"translate(0,332) scale(0.1,-0.1)\" fill stroke=\"none\"><path d=\"M2394 3279 l-29 -30 -3 -207 c-2 -182 0 -211 15 -242 39 -76 157 -76 196 0 15 31 17 60 15 243 l-3 209 -33 29 c-26 23 -41 29 -80 29 -41 0 -53 -5 -78 -31z\" \/><path d=\"M3085 3251 c-45 -19 -58 -50 -96 -229 -47 -217 -49 -260 -13 -295 52 -53 146 -42 177 20 16 31 87 366 87 410 0 70 -86 122 -155 94z\" \/><path d=\"M1751 3234 c-13 -9 -29 -31 -37 -50 -12 -29 -10 -49 21 -204 19 -94 39 -189 45 -210 14 -50 54 -80 110 -80 34 0 48 6 76 34 21 21 34 44 34 59 0 14 -18 113 -40 219 -37 178 -43 195 -70 221 -36 32 -101 37 -139 11z\" \/><path d=\"M1163 3073 c-36 -7 -73 -59 -73 -102 0 -56 133 -378 171 -413 34 -32 83 -37 129 -13 70 36 67 87 -16 290 -86 209 -89 214 -129 231 -35 14 -42 15 -82 7z\" \/><path d=\"M3689 3066 c-15 -9 -33 -30 -42 -48 -48 -103 -147 -355 -147 -375 0 -98 131 -148 192 -74 13 15 57 108 97 206 80 196 84 226 37 273 -30 30 -99 39 -137 18z\" \/><path d=\"M583 2784 c-38 -19 -67 -74 -58 -113 9 -42 211 -354 242 -373 16 -10 45 -18 66 -18 51 0 107 52 107 100 0 39 -1 41 -124 234 -80 126 -108 162 -133 173 -41 17 -61 16 -100 -3z\" \/><path d=\"M4250 2784 c-14 -9 -74 -91 -133 -183 -95 -150 -107 -173 -107 -213 0 -55 33 -94 87 -104 67 -13 90 8 211 198 130 202 137 225 78 284 -27 27 -42 34 -72 34 -22 0 -50 -8 -64 -16z\" \/><path d=\"M2275 2693 c-553 -48 -1095 -270 -1585 -649 -135 -104 -459 -423 -483 -476 -23 -49 -22 -139 2 -186 73 -142 361 -457 571 -626 285 -228 642 -407 990 -497 242 -63 336 -73 660 -74 310 0 370 5 595 52 535 111 1045 392 1455 803 122 121 250 273 275 326 19 41 19 137 0 174 -41 79 -309 363 -465 492 -447 370 -946 591 -1479 653 -113 14 -422 18 -536 8z m395 -428 c171 -34 330 -124 456 -258 112 -119 167 -219 211 -378 27 -96 24 -300 -5 -401 -72 -255 -236 -447 -474 -557 -132 -62 -201 -76 -368 -76 -167 0 -236 14 -368 76 -213 98 -373 271 -451 485 -162 444 86 934 547 1084 153 49 292 57 452 25z m909 -232 c222 -123 408 -262 593 -441 76 -74 138 -139 138 -144 0 -16 -233 -242 -330 -319 -155 -123 -309 -223 -461 -299 l-81 -41 32 46 c18 26 49 83 70 128 143 306 141 649 -6 957 -25 52 -61 116 -79 142 l-34 47 45 -20 c26 -10 76 -36 113 -56z m-2057 25 c-40 -58 -105 -190 -130 -263 -110 -324 -59 -707 132 -981 25 -35 42 -64 37 -64 -19 0 -241 119 -326 174 -188 122 -406 314 -532 468 l-58 71 108 103 c185 178 428 349 672 473 66 33 121 60 123 61 2 0 -10 -19 -26 -42z\" \/><path d=\"M2375 1950 c-198 -44 -350 -190 -395 -379 -18 -76 -8 -221 19 -290 114 -284 457 -406 731 -260 98 52 188 154 231 260 27 69 37 214 19 290 -38 163 -166 304 -326 360 -67 23 -215 33 -279 19z\" \/><\/g><\/svg><\/i> <img loading=\"lazy\" decoding=\"async\" width=\"16\" height=\"16\" alt=\"Loading\" src=\"https:\/\/pgl.pl\/wp-content\/plugins\/page-views-count\/ajax-loader-2x.gif\" border=\"0\"><\/p>\n<div class=\"pvc_clear\"><\/div>\n","protected":false},"author":2,"featured_media":0,"parent":11475,"menu_order":0,"comment_status":"closed","ping_status":"closed","template":"elementor_canvas","meta":{"_acf_changed":false,"_editorskit_title_hidden":false,"_editorskit_reading_time":0,"_editorskit_is_block_options_detached":false,"_editorskit_block_options_position":"{}","inline_featured_image":false,"wp_typography_post_enhancements_disabled":false,"_monsterinsights_skip_tracking":false,"_monsterinsights_sitenote_active":false,"_monsterinsights_sitenote_note":"","_monsterinsights_sitenote_category":0,"footnotes":""},"class_list":["post-11735","page","type-page","status-publish","hentry"],"acf":[],"yoast_head":"<!-- This site is optimized with the Yoast SEO plugin v25.3.1 - https:\/\/yoast.com\/wordpress\/plugins\/seo\/ -->\n<title>PAL - podsumowanie miesi\u0105ca - Polska Grupa Lotnicza - Integrator podmiot\u00f3w sektora lotniczego<\/title>\n<meta name=\"robots\" content=\"index, follow, max-snippet:-1, max-image-preview:large, max-video-preview:-1\" \/>\n<link rel=\"canonical\" href=\"https:\/\/pgl.pl\/en\/biuletyn-pgl-vol-9\/pal-podsumowanie-miesiaca-2\/\" \/>\n<meta property=\"og:locale\" content=\"en_US\" \/>\n<meta property=\"og:type\" content=\"article\" \/>\n<meta property=\"og:title\" content=\"PAL - podsumowanie miesi\u0105ca - Polska Grupa Lotnicza - Integrator podmiot\u00f3w sektora lotniczego\" \/>\n<meta property=\"og:description\" content=\"Wrzesie\u0144 2025 Nowe szkolenia w&nbsp;powietrzu i&nbsp;na ziemi! Z&nbsp;pocz\u0105tkiem wrze\u015bnia uruchomili\u015bmy przedostatni\u0105 w&nbsp;tym roku edycj\u0119 kursu teoretycznego do licencji PPL(A). Uda\u0142o [&hellip;]\" \/>\n<meta property=\"og:url\" content=\"https:\/\/pgl.pl\/en\/biuletyn-pgl-vol-9\/pal-podsumowanie-miesiaca-2\/\" \/>\n<meta property=\"og:site_name\" content=\"Polska Grupa Lotnicza - Integrator podmiot\u00f3w sektora lotniczego\" \/>\n<meta property=\"og:image\" content=\"https:\/\/pgl.pl\/wp-content\/uploads\/2025\/07\/pal.jpg\" \/>\n<meta name=\"twitter:card\" content=\"summary_large_image\" \/>\n<meta name=\"twitter:label1\" content=\"Est. reading time\" \/>\n\t<meta name=\"twitter:data1\" content=\"2 minutes\" \/>\n<script type=\"application\/ld+json\" class=\"yoast-schema-graph\">{\"@context\":\"https:\/\/schema.org\",\"@graph\":[{\"@type\":\"WebPage\",\"@id\":\"https:\/\/pgl.pl\/en\/biuletyn-pgl-vol-9\/pal-podsumowanie-miesiaca-2\/\",\"url\":\"https:\/\/pgl.pl\/en\/biuletyn-pgl-vol-9\/pal-podsumowanie-miesiaca-2\/\",\"name\":\"PAL - podsumowanie miesi\u0105ca - Polska Grupa Lotnicza - Integrator podmiot\u00f3w sektora lotniczego\",\"isPartOf\":{\"@id\":\"https:\/\/pgl.pl\/#website\"},\"primaryImageOfPage\":{\"@id\":\"https:\/\/pgl.pl\/en\/biuletyn-pgl-vol-9\/pal-podsumowanie-miesiaca-2\/#primaryimage\"},\"image\":{\"@id\":\"https:\/\/pgl.pl\/en\/biuletyn-pgl-vol-9\/pal-podsumowanie-miesiaca-2\/#primaryimage\"},\"thumbnailUrl\":\"https:\/\/pgl.pl\/wp-content\/uploads\/2025\/07\/pal.jpg\",\"datePublished\":\"2025-12-15T12:38:12+00:00\",\"breadcrumb\":{\"@id\":\"https:\/\/pgl.pl\/en\/biuletyn-pgl-vol-9\/pal-podsumowanie-miesiaca-2\/#breadcrumb\"},\"inLanguage\":\"en-US\",\"potentialAction\":[{\"@type\":\"ReadAction\",\"target\":[\"https:\/\/pgl.pl\/en\/biuletyn-pgl-vol-9\/pal-podsumowanie-miesiaca-2\/\"]}]},{\"@type\":\"ImageObject\",\"inLanguage\":\"en-US\",\"@id\":\"https:\/\/pgl.pl\/en\/biuletyn-pgl-vol-9\/pal-podsumowanie-miesiaca-2\/#primaryimage\",\"url\":\"https:\/\/pgl.pl\/wp-content\/uploads\/2025\/07\/pal.jpg\",\"contentUrl\":\"https:\/\/pgl.pl\/wp-content\/uploads\/2025\/07\/pal.jpg\"},{\"@type\":\"BreadcrumbList\",\"@id\":\"https:\/\/pgl.pl\/en\/biuletyn-pgl-vol-9\/pal-podsumowanie-miesiaca-2\/#breadcrumb\",\"itemListElement\":[{\"@type\":\"ListItem\",\"position\":1,\"name\":\"Home\",\"item\":\"https:\/\/pgl.pl\/en\/\"},{\"@type\":\"ListItem\",\"position\":2,\"name\":\"Biuletyn PGL vol 9\",\"item\":\"https:\/\/pgl.pl\/biuletyn-pgl-vol-9\/\"},{\"@type\":\"ListItem\",\"position\":3,\"name\":\"PAL &#8211; podsumowanie miesi\u0105ca\"}]},{\"@type\":\"WebSite\",\"@id\":\"https:\/\/pgl.pl\/#website\",\"url\":\"https:\/\/pgl.pl\/\",\"name\":\"Polska Grupa Lotnicza - Integrator podmiot\u00f3w sektora lotniczego\",\"description\":\"\",\"potentialAction\":[{\"@type\":\"SearchAction\",\"target\":{\"@type\":\"EntryPoint\",\"urlTemplate\":\"https:\/\/pgl.pl\/?s={search_term_string}\"},\"query-input\":{\"@type\":\"PropertyValueSpecification\",\"valueRequired\":true,\"valueName\":\"search_term_string\"}}],\"inLanguage\":\"en-US\"}]}<\/script>\n<!-- \/ Yoast SEO plugin. -->","yoast_head_json":{"title":"PAL - podsumowanie miesi\u0105ca - Polska Grupa Lotnicza - Integrator podmiot\u00f3w sektora lotniczego","robots":{"index":"index","follow":"follow","max-snippet":"max-snippet:-1","max-image-preview":"max-image-preview:large","max-video-preview":"max-video-preview:-1"},"canonical":"https:\/\/pgl.pl\/en\/biuletyn-pgl-vol-9\/pal-podsumowanie-miesiaca-2\/","og_locale":"en_US","og_type":"article","og_title":"PAL - podsumowanie miesi\u0105ca - Polska Grupa Lotnicza - Integrator podmiot\u00f3w sektora lotniczego","og_description":"Wrzesie\u0144 2025 Nowe szkolenia w&nbsp;powietrzu i&nbsp;na ziemi! Z&nbsp;pocz\u0105tkiem wrze\u015bnia uruchomili\u015bmy przedostatni\u0105 w&nbsp;tym roku edycj\u0119 kursu teoretycznego do licencji PPL(A). Uda\u0142o [&hellip;]","og_url":"https:\/\/pgl.pl\/en\/biuletyn-pgl-vol-9\/pal-podsumowanie-miesiaca-2\/","og_site_name":"Polska Grupa Lotnicza - Integrator podmiot\u00f3w sektora lotniczego","og_image":[{"url":"https:\/\/pgl.pl\/wp-content\/uploads\/2025\/07\/pal.jpg","type":"","width":"","height":""}],"twitter_card":"summary_large_image","twitter_misc":{"Est. reading time":"2 minutes"},"schema":{"@context":"https:\/\/schema.org","@graph":[{"@type":"WebPage","@id":"https:\/\/pgl.pl\/en\/biuletyn-pgl-vol-9\/pal-podsumowanie-miesiaca-2\/","url":"https:\/\/pgl.pl\/en\/biuletyn-pgl-vol-9\/pal-podsumowanie-miesiaca-2\/","name":"PAL - podsumowanie miesi\u0105ca - Polska Grupa Lotnicza - Integrator podmiot\u00f3w sektora lotniczego","isPartOf":{"@id":"https:\/\/pgl.pl\/#website"},"primaryImageOfPage":{"@id":"https:\/\/pgl.pl\/en\/biuletyn-pgl-vol-9\/pal-podsumowanie-miesiaca-2\/#primaryimage"},"image":{"@id":"https:\/\/pgl.pl\/en\/biuletyn-pgl-vol-9\/pal-podsumowanie-miesiaca-2\/#primaryimage"},"thumbnailUrl":"https:\/\/pgl.pl\/wp-content\/uploads\/2025\/07\/pal.jpg","datePublished":"2025-12-15T12:38:12+00:00","breadcrumb":{"@id":"https:\/\/pgl.pl\/en\/biuletyn-pgl-vol-9\/pal-podsumowanie-miesiaca-2\/#breadcrumb"},"inLanguage":"en-US","potentialAction":[{"@type":"ReadAction","target":["https:\/\/pgl.pl\/en\/biuletyn-pgl-vol-9\/pal-podsumowanie-miesiaca-2\/"]}]},{"@type":"ImageObject","inLanguage":"en-US","@id":"https:\/\/pgl.pl\/en\/biuletyn-pgl-vol-9\/pal-podsumowanie-miesiaca-2\/#primaryimage","url":"https:\/\/pgl.pl\/wp-content\/uploads\/2025\/07\/pal.jpg","contentUrl":"https:\/\/pgl.pl\/wp-content\/uploads\/2025\/07\/pal.jpg"},{"@type":"BreadcrumbList","@id":"https:\/\/pgl.pl\/en\/biuletyn-pgl-vol-9\/pal-podsumowanie-miesiaca-2\/#breadcrumb","itemListElement":[{"@type":"ListItem","position":1,"name":"Home","item":"https:\/\/pgl.pl\/en\/"},{"@type":"ListItem","position":2,"name":"Biuletyn PGL vol 9","item":"https:\/\/pgl.pl\/biuletyn-pgl-vol-9\/"},{"@type":"ListItem","position":3,"name":"PAL &#8211; podsumowanie miesi\u0105ca"}]},{"@type":"WebSite","@id":"https:\/\/pgl.pl\/#website","url":"https:\/\/pgl.pl\/","name":"Polska Grupa Lotnicza - Integrator podmiot\u00f3w sektora lotniczego","description":"","potentialAction":[{"@type":"SearchAction","target":{"@type":"EntryPoint","urlTemplate":"https:\/\/pgl.pl\/?s={search_term_string}"},"query-input":{"@type":"PropertyValueSpecification","valueRequired":true,"valueName":"search_term_string"}}],"inLanguage":"en-US"}]}},"_links":{"self":[{"href":"https:\/\/pgl.pl\/en\/wp-json\/wp\/v2\/pages\/11735","targetHints":{"allow":["GET"]}}],"collection":[{"href":"https:\/\/pgl.pl\/en\/wp-json\/wp\/v2\/pages"}],"about":[{"href":"https:\/\/pgl.pl\/en\/wp-json\/wp\/v2\/types\/page"}],"author":[{"embeddable":true,"href":"https:\/\/pgl.pl\/en\/wp-json\/wp\/v2\/users\/2"}],"replies":[{"embeddable":true,"href":"https:\/\/pgl.pl\/en\/wp-json\/wp\/v2\/comments?post=11735"}],"version-history":[{"count":1,"href":"https:\/\/pgl.pl\/en\/wp-json\/wp\/v2\/pages\/11735\/revisions"}],"predecessor-version":[{"id":11736,"href":"https:\/\/pgl.pl\/en\/wp-json\/wp\/v2\/pages\/11735\/revisions\/11736"}],"up":[{"embeddable":true,"href":"https:\/\/pgl.pl\/en\/wp-json\/wp\/v2\/pages\/11475"}],"wp:attachment":[{"href":"https:\/\/pgl.pl\/en\/wp-json\/wp\/v2\/media?parent=11735"}],"curies":[{"name":"wp","href":"https:\/\/api.w.org\/{rel}","templated":true}]}}